{"id":580,"date":"2020-04-01T10:04:46","date_gmt":"2020-04-01T08:04:46","guid":{"rendered":"https:\/\/camtech.fi\/?page_id=580"},"modified":"2023-10-03T13:08:44","modified_gmt":"2023-10-03T10:08:44","slug":"camtech-ip-kameror","status":"publish","type":"page","link":"https:\/\/camtech.fi\/fi\/camtech-ip-kameror\/","title":{"rendered":"IP valvontakamerat"},"content":{"rendered":"<div data-elementor-type=\"wp-page\" data-elementor-id=\"580\" class=\"elementor elementor-580\" data-elementor-settings=\"{&quot;ha_cmc_init_switcher&quot;:&quot;no&quot;}\" data-elementor-post-type=\"page\">\n\t\t\t\t\t\t<section class=\"elementor-section elementor-top-section elementor-element elementor-element-faa4dcb elementor-section-boxed elementor-section-height-default elementor-section-height-default\" data-id=\"faa4dcb\" data-element_type=\"section\" data-e-type=\"section\" data-settings=\"{&quot;_ha_eqh_enable&quot;:false}\">\n\t\t\t\t\t\t<div class=\"elementor-container elementor-column-gap-default\">\n\t\t\t\t\t<div class=\"elementor-column elementor-col-100 elementor-top-column elementor-element elementor-element-25c443c\" data-id=\"25c443c\" data-element_type=\"column\" data-e-type=\"column\">\n\t\t\t<div class=\"elementor-widget-wrap elementor-element-populated\">\n\t\t\t\t\t\t<div class=\"elementor-element elementor-element-cc506e2 elementor-widget elementor-widget-heading\" data-id=\"cc506e2\" data-element_type=\"widget\" data-e-type=\"widget\" data-widget_type=\"heading.default\">\n\t\t\t\t<div class=\"elementor-widget-container\">\n\t\t\t\t\t<h2 class=\"elementor-heading-title elementor-size-default\">IP valvontakamerat<\/h2>\t\t\t\t<\/div>\n\t\t\t\t<\/div>\n\t\t\t\t\t<\/div>\n\t\t<\/div>\n\t\t\t\t\t<\/div>\n\t\t<\/section>\n\t\t\t\t<section class=\"elementor-section elementor-top-section elementor-element elementor-element-8c17b47 elementor-section-boxed elementor-section-height-default elementor-section-height-default elementor-invisible\" data-id=\"8c17b47\" data-element_type=\"section\" data-e-type=\"section\" data-settings=\"{&quot;animation&quot;:&quot;fadeIn&quot;,&quot;_ha_eqh_enable&quot;:false}\">\n\t\t\t\t\t\t<div class=\"elementor-container elementor-column-gap-default\">\n\t\t\t\t\t<div class=\"elementor-column elementor-col-100 elementor-top-column elementor-element elementor-element-ebea9c3\" data-id=\"ebea9c3\" data-element_type=\"column\" data-e-type=\"column\">\n\t\t\t<div class=\"elementor-widget-wrap elementor-element-populated\">\n\t\t\t\t\t\t<div class=\"elementor-element elementor-element-104568c elementor-widget elementor-widget-text-editor\" data-id=\"104568c\" data-element_type=\"widget\" data-e-type=\"widget\" data-widget_type=\"text-editor.default\">\n\t\t\t\t<div class=\"elementor-widget-container\">\n\t\t\t\t\t\t\t\t\t<p><span style=\"font-size: 1rem;\">Alla lyhyt esitys erilaisista Camtech Supervision -kameratyypeist\u00e4. Lis\u00e4tietoja, kuten aina, <a href=\"https:\/\/camtech.fi\/fi\/kontakt\/\">ottamalla yhteytt\u00e4<\/a>.<\/span><\/p><p><span style=\"font-size: 1rem;\">Kaikissa Camtech-kameroissa on PoE (Pover Over Ethernet), mik\u00e4 tarkoittaa ett\u00e4 kameraan tarvitaan vain yksi ethernet-kaapeli, ja virta sy\u00f6tet\u00e4\u00e4n ethernet-kaapelin kautta. Luonnollisesti t\u00e4m\u00e4 ei koske Wlan-malleja, jotka tarvitsevat oman virtal\u00e4hteen.<\/span><\/p><p><span style=\"font-size: 1rem;\">Kaikissa kameroissamme on s\u00e4\u00e4dett\u00e4v\u00e4 zoom ja kuvan ter\u00e4vyys; mit\u00e4 kapeampaa tarkkailtavaa sektoria, sit\u00e4 kauemmaksi voi zoomata ter\u00e4v\u00e4ll\u00e4 kuvalla ja p\u00e4invastoin. PTZ-kamerat voidaan hallita ja esim. k\u00e4\u00e4nt\u00e4\u00e4 et\u00e4\u00e4lt\u00e4 mist\u00e4 p\u00e4in maailmaa tahansa. PTZ-kamerat voidaan my\u00f6s asettaa pyyhk\u00e4isem\u00e4\u00e4n aluetta automaattisesti ja zoomaamaan tietyn esiasetetun kuvion avulla ja n\u00e4in kattamaan suuri alue yhdell\u00e4 kameralla.<\/span><\/p><p>Vissa modeller har autofokus och\/eller AI (zoomar t.ex. speciellt in p\u00e5 m\u00e4nniskoansikten och bilars registerpl\u00e5tar) och k\u00e4nner igen upp till 100 m\u00e4nniskoansikten och bandar eller alarmerar inte i on\u00f6dan d\u00e5 &#8221;bekanta&#8221; m\u00e4nniskor r\u00f6rs i bevakningsomr\u00e5det.<span style=\"font-size: 1rem;\"><br \/><\/span><\/p><p>Kaikissa kameroissa on mikrofoni optio.<\/p><p><span style=\"font-size: 1rem;\">L\u00e4hes kaikki kamerat ovat metallia (alumiiniseosta), ne t\u00e4ytt\u00e4v\u00e4t suojausluokituksen IP67 ja toimivat yht\u00e4 hyvin kes\u00e4helteill\u00e4 kuin talven kylmimpin\u00e4 \u00f6in\u00e4kin (PTZ-kameroita ei suositella tarpeettomasti k\u00e4\u00e4nt\u00e4m\u00e4\u00e4n ankarissa kylmiss\u00e4 olosuhteissa).<\/span><\/p><p>Camtech IP -valvontakameroita on saatavana seuraavissa muodoissa:\u00a0<em>Bullet<\/em>,\u00a0<em>Dome<\/em>, <em>PTZ, <\/em><em>Box<\/em>, <em>Fisheye ja erikoiskamerat<\/em>.<span style=\"font-size: 1rem;\"><br \/><\/span><\/p>\t\t\t\t\t\t\t\t<\/div>\n\t\t\t\t<\/div>\n\t\t\t\t\t<\/div>\n\t\t<\/div>\n\t\t\t\t\t<\/div>\n\t\t<\/section>\n\t\t\t\t<section class=\"elementor-section elementor-top-section elementor-element elementor-element-ffae102 elementor-section-boxed elementor-section-height-default elementor-section-height-default\" data-id=\"ffae102\" data-element_type=\"section\" data-e-type=\"section\" data-settings=\"{&quot;_ha_eqh_enable&quot;:false}\">\n\t\t\t\t\t\t<div class=\"elementor-container elementor-column-gap-wide\">\n\t\t\t\t\t<div class=\"elementor-column elementor-col-33 elementor-top-column elementor-element elementor-element-9611c2f\" data-id=\"9611c2f\" data-element_type=\"column\" data-e-type=\"column\">\n\t\t\t<div class=\"elementor-widget-wrap elementor-element-populated\">\n\t\t\t\t\t\t<div class=\"elementor-element elementor-element-76116b5 elementor-position-top elementor-invisible elementor-widget elementor-widget-image-box\" data-id=\"76116b5\" data-element_type=\"widget\" data-e-type=\"widget\" data-settings=\"{&quot;_animation&quot;:&quot;fadeInUp&quot;}\" data-widget_type=\"image-box.default\">\n\t\t\t\t<div class=\"elementor-widget-container\">\n\t\t\t\t\t<div class=\"elementor-image-box-wrapper\"><figure class=\"elementor-image-box-img\"><img fetchpriority=\"high\" decoding=\"async\" width=\"1417\" height=\"1063\" src=\"https:\/\/camtech.fi\/wp-content\/uploads\/2020\/04\/bulletcams5.jpg\" class=\"attachment-full size-full wp-image-1178\" alt=\"Camtech Bullets\" srcset=\"https:\/\/camtech.fi\/wp-content\/uploads\/2020\/04\/bulletcams5.jpg 1417w, https:\/\/camtech.fi\/wp-content\/uploads\/2020\/04\/bulletcams5-300x225.jpg 300w, https:\/\/camtech.fi\/wp-content\/uploads\/2020\/04\/bulletcams5-1024x768.jpg 1024w, https:\/\/camtech.fi\/wp-content\/uploads\/2020\/04\/bulletcams5-768x576.jpg 768w\" sizes=\"(max-width: 1417px) 100vw, 1417px\" \/><\/figure><div class=\"elementor-image-box-content\"><h4 class=\"elementor-image-box-title\">Camtech bullet cam<\/h4><p class=\"elementor-image-box-description\">Bullet muotoiset kamerat asennetaan seiniin. N\u00e4kyv\u00e4t = ennaltaehk\u00e4isev\u00e4t.<\/p><\/div><\/div>\t\t\t\t<\/div>\n\t\t\t\t<\/div>\n\t\t\t\t<div class=\"elementor-element elementor-element-26486ed elementor-position-top elementor-invisible elementor-widget elementor-widget-image-box\" data-id=\"26486ed\" data-element_type=\"widget\" data-e-type=\"widget\" data-settings=\"{&quot;_animation&quot;:&quot;fadeInUp&quot;}\" data-widget_type=\"image-box.default\">\n\t\t\t\t<div class=\"elementor-widget-container\">\n\t\t\t\t\t<div class=\"elementor-image-box-wrapper\"><figure class=\"elementor-image-box-img\"><img decoding=\"async\" width=\"1417\" height=\"1063\" src=\"https:\/\/camtech.fi\/wp-content\/uploads\/2020\/04\/box2.jpg\" class=\"attachment-full size-full wp-image-689\" alt=\"camtech Box\" srcset=\"https:\/\/camtech.fi\/wp-content\/uploads\/2020\/04\/box2.jpg 1417w, https:\/\/camtech.fi\/wp-content\/uploads\/2020\/04\/box2-300x225.jpg 300w, https:\/\/camtech.fi\/wp-content\/uploads\/2020\/04\/box2-1024x768.jpg 1024w, https:\/\/camtech.fi\/wp-content\/uploads\/2020\/04\/box2-768x576.jpg 768w\" sizes=\"(max-width: 1417px) 100vw, 1417px\" \/><\/figure><div class=\"elementor-image-box-content\"><h4 class=\"elementor-image-box-title\">Camtech box cam<\/h4><p class=\"elementor-image-box-description\">Box kamerat ovat tarkoitetut l\u00e4mpimiin ja kuiviin sis\u00e4tiloihin. <\/p><\/div><\/div>\t\t\t\t<\/div>\n\t\t\t\t<\/div>\n\t\t\t\t\t<\/div>\n\t\t<\/div>\n\t\t\t\t<div class=\"elementor-column elementor-col-33 elementor-top-column elementor-element elementor-element-3f63d8a\" data-id=\"3f63d8a\" data-element_type=\"column\" data-e-type=\"column\">\n\t\t\t<div class=\"elementor-widget-wrap elementor-element-populated\">\n\t\t\t\t\t\t<div class=\"elementor-element elementor-element-ac7339f elementor-position-top elementor-invisible elementor-widget elementor-widget-image-box\" data-id=\"ac7339f\" data-element_type=\"widget\" data-e-type=\"widget\" data-settings=\"{&quot;_animation&quot;:&quot;fadeInUp&quot;}\" data-widget_type=\"image-box.default\">\n\t\t\t\t<div class=\"elementor-widget-container\">\n\t\t\t\t\t<div class=\"elementor-image-box-wrapper\"><figure class=\"elementor-image-box-img\"><img decoding=\"async\" width=\"1417\" height=\"1063\" src=\"https:\/\/camtech.fi\/wp-content\/uploads\/2020\/04\/domes3.jpg\" class=\"attachment-full size-full wp-image-673\" alt=\"Camtech Domes\" srcset=\"https:\/\/camtech.fi\/wp-content\/uploads\/2020\/04\/domes3.jpg 1417w, https:\/\/camtech.fi\/wp-content\/uploads\/2020\/04\/domes3-300x225.jpg 300w, https:\/\/camtech.fi\/wp-content\/uploads\/2020\/04\/domes3-1024x768.jpg 1024w, https:\/\/camtech.fi\/wp-content\/uploads\/2020\/04\/domes3-768x576.jpg 768w\" sizes=\"(max-width: 1417px) 100vw, 1417px\" \/><\/figure><div class=\"elementor-image-box-content\"><h4 class=\"elementor-image-box-title\">Camtech dome cam<\/h4><p class=\"elementor-image-box-description\">Dome kamerat kiinnitet\u00e4\u00e4n kattoon tai esim. katonylityksiin. Kest\u00e4v\u00e4t ilkivaltaa.<\/p><\/div><\/div>\t\t\t\t<\/div>\n\t\t\t\t<\/div>\n\t\t\t\t<div class=\"elementor-element elementor-element-dff8326 elementor-position-top elementor-invisible elementor-widget elementor-widget-image-box\" data-id=\"dff8326\" data-element_type=\"widget\" data-e-type=\"widget\" data-settings=\"{&quot;_animation&quot;:&quot;fadeInUp&quot;}\" data-widget_type=\"image-box.default\">\n\t\t\t\t<div class=\"elementor-widget-container\">\n\t\t\t\t\t<div class=\"elementor-image-box-wrapper\"><figure class=\"elementor-image-box-img\"><img loading=\"lazy\" decoding=\"async\" width=\"1417\" height=\"1063\" src=\"https:\/\/camtech.fi\/wp-content\/uploads\/2020\/04\/fisheye.jpg\" class=\"attachment-full size-full wp-image-685\" alt=\"Camtech Fisheye\" srcset=\"https:\/\/camtech.fi\/wp-content\/uploads\/2020\/04\/fisheye.jpg 1417w, https:\/\/camtech.fi\/wp-content\/uploads\/2020\/04\/fisheye-300x225.jpg 300w, https:\/\/camtech.fi\/wp-content\/uploads\/2020\/04\/fisheye-1024x768.jpg 1024w, https:\/\/camtech.fi\/wp-content\/uploads\/2020\/04\/fisheye-768x576.jpg 768w\" sizes=\"(max-width: 1417px) 100vw, 1417px\" \/><\/figure><div class=\"elementor-image-box-content\"><h4 class=\"elementor-image-box-title\">Camtech fisheye<\/h4><p class=\"elementor-image-box-description\">Fisheye kamerat sijoitetaan keskelle sis\u00e4kattoa. Erityisell\u00e4 ohjelmistolla voi sitten panoroida koko huoneen ymp\u00e4rille.<\/p><\/div><\/div>\t\t\t\t<\/div>\n\t\t\t\t<\/div>\n\t\t\t\t\t<\/div>\n\t\t<\/div>\n\t\t\t\t<div class=\"elementor-column elementor-col-33 elementor-top-column elementor-element elementor-element-a6d8f81\" data-id=\"a6d8f81\" data-element_type=\"column\" data-e-type=\"column\">\n\t\t\t<div class=\"elementor-widget-wrap elementor-element-populated\">\n\t\t\t\t\t\t<div class=\"elementor-element elementor-element-fe6d21e elementor-position-top elementor-invisible elementor-widget elementor-widget-image-box\" data-id=\"fe6d21e\" data-element_type=\"widget\" data-e-type=\"widget\" data-settings=\"{&quot;_animation&quot;:&quot;fadeInUp&quot;}\" data-widget_type=\"image-box.default\">\n\t\t\t\t<div class=\"elementor-widget-container\">\n\t\t\t\t\t<div class=\"elementor-image-box-wrapper\"><figure class=\"elementor-image-box-img\"><img loading=\"lazy\" decoding=\"async\" width=\"1417\" height=\"1063\" src=\"https:\/\/camtech.fi\/wp-content\/uploads\/2020\/04\/ptz.jpg\" class=\"attachment-full size-full wp-image-678\" alt=\"camtech PTZ\" srcset=\"https:\/\/camtech.fi\/wp-content\/uploads\/2020\/04\/ptz.jpg 1417w, https:\/\/camtech.fi\/wp-content\/uploads\/2020\/04\/ptz-300x225.jpg 300w, https:\/\/camtech.fi\/wp-content\/uploads\/2020\/04\/ptz-1024x768.jpg 1024w, https:\/\/camtech.fi\/wp-content\/uploads\/2020\/04\/ptz-768x576.jpg 768w\" sizes=\"(max-width: 1417px) 100vw, 1417px\" \/><\/figure><div class=\"elementor-image-box-content\"><h4 class=\"elementor-image-box-title\">Camtech PTZ<\/h4><p class=\"elementor-image-box-description\">PTZ on lyhennys sanoista \"Pan - Tilt - Zoom\" (Panorointi - kallistus - zoomaus).<\/p><\/div><\/div>\t\t\t\t<\/div>\n\t\t\t\t<\/div>\n\t\t\t\t<div class=\"elementor-element elementor-element-6c77647 elementor-position-top elementor-invisible elementor-widget elementor-widget-image-box\" data-id=\"6c77647\" data-element_type=\"widget\" data-e-type=\"widget\" data-settings=\"{&quot;_animation&quot;:&quot;fadeInUp&quot;}\" data-widget_type=\"image-box.default\">\n\t\t\t\t<div class=\"elementor-widget-container\">\n\t\t\t\t\t<div class=\"elementor-image-box-wrapper\"><figure class=\"elementor-image-box-img\"><img loading=\"lazy\" decoding=\"async\" width=\"1417\" height=\"1063\" src=\"https:\/\/camtech.fi\/wp-content\/uploads\/2020\/04\/specialkameror.jpg\" class=\"attachment-full size-full wp-image-691\" alt=\"Camtech specialkameror\" srcset=\"https:\/\/camtech.fi\/wp-content\/uploads\/2020\/04\/specialkameror.jpg 1417w, https:\/\/camtech.fi\/wp-content\/uploads\/2020\/04\/specialkameror-300x225.jpg 300w, https:\/\/camtech.fi\/wp-content\/uploads\/2020\/04\/specialkameror-1024x768.jpg 1024w, https:\/\/camtech.fi\/wp-content\/uploads\/2020\/04\/specialkameror-768x576.jpg 768w\" sizes=\"(max-width: 1417px) 100vw, 1417px\" \/><\/figure><div class=\"elementor-image-box-content\"><h4 class=\"elementor-image-box-title\">Camtech erikoiskamerat<\/h4><p class=\"elementor-image-box-description\">Erikois kameroita ovat mm. minikamerat, piilotetut kamerat, infrapunakamerat jne.<\/p><\/div><\/div>\t\t\t\t<\/div>\n\t\t\t\t<\/div>\n\t\t\t\t\t<\/div>\n\t\t<\/div>\n\t\t\t\t\t<\/div>\n\t\t<\/section>\n\t\t\t\t<section class=\"elementor-section elementor-top-section elementor-element elementor-element-e789185 elementor-section-boxed elementor-section-height-default elementor-section-height-default\" data-id=\"e789185\" data-element_type=\"section\" data-e-type=\"section\" data-settings=\"{&quot;background_background&quot;:&quot;classic&quot;,&quot;animation&quot;:&quot;none&quot;,&quot;_ha_eqh_enable&quot;:false}\">\n\t\t\t\t\t\t\t<div class=\"elementor-background-overlay\"><\/div>\n\t\t\t\t\t\t\t<div class=\"elementor-container elementor-column-gap-default\">\n\t\t\t\t\t<div class=\"elementor-column elementor-col-100 elementor-top-column elementor-element elementor-element-1d0452c\" data-id=\"1d0452c\" data-element_type=\"column\" data-e-type=\"column\">\n\t\t\t<div class=\"elementor-widget-wrap elementor-element-populated\">\n\t\t\t\t\t\t<div class=\"elementor-element elementor-element-7929d3f elementor-invisible elementor-widget elementor-widget-text-editor\" data-id=\"7929d3f\" data-element_type=\"widget\" data-e-type=\"widget\" data-settings=\"{&quot;_animation&quot;:&quot;fadeIn&quot;}\" data-widget_type=\"text-editor.default\">\n\t\t\t\t<div class=\"elementor-widget-container\">\n\t\t\t\t\t\t\t\t\tCamtech IP -kamerat ovat periaatteessa omia Linux-tietokoneita joissa on mm. sulautettu web-palvelin, s\u00e4hk\u00f6postipalvelin, FTP, DDNS, RTSP .. ja tietokonehiiren kanssa k\u00e4ytett\u00e4v\u00e4 graafinen k\u00e4ytt\u00f6j\u00e4rjestelm\u00e4. Ne ohjelmoidaan ja ne k\u00e4ytet\u00e4\u00e4n mukana toimitetun erikoisohjelmiston kautta ja my\u00f6s suoraan yleisimmiss\u00e4 selaimissa. Tavallinen asia on kuitenkin ajaa ne <a href=\"https:\/\/camtech.fi\/fi\/natverks-inspelare\/\" class=\"ladlink\">NVR:n<\/a> operativsystem, ocks\u00e5 d\u00e5 fast direkt i webbl\u00e4saren. D\u00e5 de v\u00e4l grund konfigurerats i samband med installationen beh\u00f6ver de i regel inte r\u00f6ras sen p\u00e5 \u00e5ratal heller programm\u00e4ssigt.\nIbland kan det l\u00f6na sig att uppdatera mjukvaran till nyaste, jag meddelar i s\u00e5 fall.\t\t\t\t\t\t\t\t<\/div>\n\t\t\t\t<\/div>\n\t\t\t\t<section class=\"elementor-section elementor-inner-section elementor-element elementor-element-23a1d45 elementor-section-boxed elementor-section-height-default elementor-section-height-default\" data-id=\"23a1d45\" data-element_type=\"section\" data-e-type=\"section\" data-settings=\"{&quot;_ha_eqh_enable&quot;:false}\">\n\t\t\t\t\t\t<div class=\"elementor-container elementor-column-gap-default\">\n\t\t\t\t\t<div class=\"elementor-column elementor-col-50 elementor-inner-column elementor-element elementor-element-8fcec61\" data-id=\"8fcec61\" data-element_type=\"column\" data-e-type=\"column\">\n\t\t\t<div class=\"elementor-widget-wrap elementor-element-populated\">\n\t\t\t\t\t\t<div class=\"elementor-element elementor-element-3673734 elementor-invisible elementor-widget elementor-widget-text-editor\" data-id=\"3673734\" data-element_type=\"widget\" data-e-type=\"widget\" data-settings=\"{&quot;_animation&quot;:&quot;fadeIn&quot;}\" data-widget_type=\"text-editor.default\">\n\t\t\t\t<div class=\"elementor-widget-container\">\n\t\t\t\t\t\t\t\t\t<p>Nauhoitus my\u00f6s t\u00e4ydess\u00e4 pimeydess\u00e4?<\/p><p>Camtech-kameroilla on aina kyky n\u00e4hd\u00e4 ja tallentaa mit\u00e4 tapahtuu my\u00f6s t\u00e4ysin pime\u00e4ss\u00e4. Kameratyypist\u00e4 (IR-ledien lukum\u00e4\u00e4r\u00e4st\u00e4 ja CMOS-tyypist\u00e4) riippuen infrapuna-alueen pinta-ala on noin 40-70 metri\u00e4.<\/p><p>Kun kuvataan t\u00e4ydess\u00e4 pimeydess\u00e4 (infrapuna), kuva muuttuu mustavalkoiseksi. Tunkeilija ei n\u00e4e infrapunaa eik\u00e4 tied\u00e4 ett\u00e4 h\u00e4nt\u00e4 kuvataan.<br \/>Haluttaessa kameran voi s\u00e4\u00e4t\u00e4\u00e4 niin ett\u00e4 punainen led-valo vilkkuu tallennettaessa.<\/p><p>Oikealla oleva kuva on infrapunalla t\u00e4yspimeydess\u00e4 vrt. p\u00e4iv\u00e4ll\u00e4.<\/p>\t\t\t\t\t\t\t\t<\/div>\n\t\t\t\t<\/div>\n\t\t\t\t\t<\/div>\n\t\t<\/div>\n\t\t\t\t<div class=\"elementor-column elementor-col-50 elementor-inner-column elementor-element elementor-element-1a1c096\" data-id=\"1a1c096\" data-element_type=\"column\" data-e-type=\"column\">\n\t\t\t<div class=\"elementor-widget-wrap\">\n\t\t\t\t\t\t\t<\/div>\n\t\t<\/div>\n\t\t\t\t\t<\/div>\n\t\t<\/section>\n\t\t\t\t\t<\/div>\n\t\t<\/div>\n\t\t\t\t\t<\/div>\n\t\t<\/section>\n\t\t\t\t<section class=\"elementor-section elementor-top-section elementor-element elementor-element-413af23 elementor-section-boxed elementor-section-height-default elementor-section-height-default elementor-invisible\" data-id=\"413af23\" data-element_type=\"section\" data-e-type=\"section\" data-settings=\"{&quot;animation&quot;:&quot;fadeIn&quot;,&quot;_ha_eqh_enable&quot;:false}\">\n\t\t\t\t\t\t<div class=\"elementor-container elementor-column-gap-default\">\n\t\t\t\t\t<div class=\"elementor-column elementor-col-100 elementor-top-column elementor-element elementor-element-eabcdd3\" data-id=\"eabcdd3\" data-element_type=\"column\" data-e-type=\"column\">\n\t\t\t<div class=\"elementor-widget-wrap elementor-element-populated\">\n\t\t\t\t\t\t<div class=\"elementor-element elementor-element-9338e47 elementor-widget elementor-widget-text-editor\" data-id=\"9338e47\" data-element_type=\"widget\" data-e-type=\"widget\" data-widget_type=\"text-editor.default\">\n\t\t\t\t<div class=\"elementor-widget-container\">\n\t\t\t\t\t\t\t\t\t<p>Tarjous- ja asennusprosessi alkaa optimaalisten tyyppisten kameroiden laskemisesta kyseiselle alueelle. Kameroiden resoluutio on v\u00e4lill\u00e4 2 Mt (1080P) - 12 Mt. Infrapunaledien lukum\u00e4\u00e4r\u00e4 (mahdollistaen suuremman tai pienemm\u00e4n alueen kattavuuden t\u00e4ydellisess\u00e4 pimeydess\u00e4) vaihtelee my\u00f6s eri kameramalleissa. Asennuskorkeus ja verkon kapasiteetti vaikuttavat my\u00f6s optimaalisen kameratyypin valintaan.<\/p><p>Eritkoisohjelmien avulla optimaalinen suunnittelu lasketaan tarpeitanne varten niin, ett\u00e4 lopputulos on paras mahdollinen.<\/p>\t\t\t\t\t\t\t\t<\/div>\n\t\t\t\t<\/div>\n\t\t\t\t\t<\/div>\n\t\t<\/div>\n\t\t\t\t\t<\/div>\n\t\t<\/section>\n\t\t\t\t<section class=\"elementor-section elementor-top-section elementor-element elementor-element-875772c elementor-section-boxed elementor-section-height-default elementor-section-height-default elementor-invisible\" data-id=\"875772c\" data-element_type=\"section\" data-e-type=\"section\" data-settings=\"{&quot;animation&quot;:&quot;fadeIn&quot;,&quot;_ha_eqh_enable&quot;:false}\">\n\t\t\t\t\t\t<div class=\"elementor-container elementor-column-gap-default\">\n\t\t\t\t\t<div class=\"elementor-column elementor-col-50 elementor-top-column elementor-element elementor-element-6b628d0\" data-id=\"6b628d0\" data-element_type=\"column\" data-e-type=\"column\">\n\t\t\t<div class=\"elementor-widget-wrap elementor-element-populated\">\n\t\t\t\t\t\t<div class=\"elementor-element elementor-element-ea1f960 elementor-widget elementor-widget-image\" data-id=\"ea1f960\" data-element_type=\"widget\" data-e-type=\"widget\" data-widget_type=\"image.default\">\n\t\t\t\t<div class=\"elementor-widget-container\">\n\t\t\t\t\t\t\t\t\t\t\t\t\t\t\t<img loading=\"lazy\" decoding=\"async\" width=\"566\" height=\"547\" src=\"https:\/\/camtech.fi\/wp-content\/uploads\/2020\/04\/exempelbild1.jpg\" class=\"attachment-large size-large wp-image-710\" alt=\"\" srcset=\"https:\/\/camtech.fi\/wp-content\/uploads\/2020\/04\/exempelbild1.jpg 566w, https:\/\/camtech.fi\/wp-content\/uploads\/2020\/04\/exempelbild1-300x290.jpg 300w\" sizes=\"(max-width: 566px) 100vw, 566px\" \/>\t\t\t\t\t\t\t\t\t\t\t\t\t\t\t<\/div>\n\t\t\t\t<\/div>\n\t\t\t\t<div class=\"elementor-element elementor-element-40323c6 elementor-widget elementor-widget-image\" data-id=\"40323c6\" data-element_type=\"widget\" data-e-type=\"widget\" data-widget_type=\"image.default\">\n\t\t\t\t<div class=\"elementor-widget-container\">\n\t\t\t\t\t\t\t\t\t\t\t\t\t\t\t<img loading=\"lazy\" decoding=\"async\" width=\"524\" height=\"359\" src=\"https:\/\/camtech.fi\/wp-content\/uploads\/2020\/04\/exempelbild2.png\" class=\"attachment-large size-large wp-image-711\" alt=\"\" srcset=\"https:\/\/camtech.fi\/wp-content\/uploads\/2020\/04\/exempelbild2.png 524w, https:\/\/camtech.fi\/wp-content\/uploads\/2020\/04\/exempelbild2-300x206.png 300w\" sizes=\"(max-width: 524px) 100vw, 524px\" \/>\t\t\t\t\t\t\t\t\t\t\t\t\t\t\t<\/div>\n\t\t\t\t<\/div>\n\t\t\t\t\t<\/div>\n\t\t<\/div>\n\t\t\t\t<div class=\"elementor-column elementor-col-50 elementor-top-column elementor-element elementor-element-861c68a\" data-id=\"861c68a\" data-element_type=\"column\" data-e-type=\"column\">\n\t\t\t<div class=\"elementor-widget-wrap elementor-element-populated\">\n\t\t\t\t\t\t<div class=\"elementor-element elementor-element-4bead3e elementor-widget elementor-widget-text-editor\" data-id=\"4bead3e\" data-element_type=\"widget\" data-e-type=\"widget\" data-widget_type=\"text-editor.default\">\n\t\t\t\t<div class=\"elementor-widget-container\">\n\t\t\t\t\t\t\t\t\t<p>(Vasemmalla esimerkkikuvia tarjouksesta)<\/p><h4>Kentt\u00e4selityksi\u00e4<\/h4><ul><li><strong>Vaaleansininen: Seuranta<\/strong> <br \/><span style=\"color: #808080;\"><span style=\"color: #808080;\">12,5 pikseli\u00e4 \/ metri. (Seurataan liikenteen virtausta tai ihmisten liikkuvuutta, kun yksitt\u00e4isi\u00e4 numeroita tai kasvoja ei tarvitse tunnistaa.)<br \/><br \/><\/span><\/span><\/li><li><strong>Vaaleanvihre\u00e4: havaitseminen.<\/strong> <br \/><span style=\"color: #808080;\"><span style=\"color: #808080;\">25 pikseli\u00e4 \/ metri. (Henkil\u00f6n l\u00e4sn\u00e4olon havaitseminen v\u00e4ltt\u00e4m\u00e4tt\u00e4 pystym\u00e4tt\u00e4 tunnistamaan kasvoja. Tutut ihmiset tunnistetaan yleens\u00e4.)<br \/><br \/><\/span><\/span><\/li><li><strong>Vihre\u00e4: Tarkkailu<\/strong><br \/><span style=\"color: #808080;\"><span style=\"color: #808080;\">62 pikseli\u00e4 \/ metri. (Tutut ihmiset tunnistetaan kasvojen, kehon muodon ja liikemallin mukaan, tuntemattomia kasvoja voidaan zoomata tunnistusta varten.)<br \/><br \/><\/span><\/span><\/li><li><strong>Keltainen: Tunnistus.<\/strong><br \/><span style=\"color: #808080;\"><span style=\"color: #808080;\">125 pikseli\u00e4 \/ metri. (Ihmiset tunnistetaan helposti.)<br \/><br \/><\/span><\/span><\/li><li><strong>Vaaleanpunainen: identifiointi.<\/strong> <br \/><span style=\"color: #808080;\">250 pixlar\/ meter. (Spara ansiktsbilder med h\u00f6g kvalitet som kan anv\u00e4ndas i domstol f\u00f6r att bevisa n\u00e5gons identitet &#8221;bortom rimligt tvivel&#8221; i r\u00e4ttsliga sammanhang.)<\/span><\/li><\/ul>\t\t\t\t\t\t\t\t<\/div>\n\t\t\t\t<\/div>\n\t\t\t\t<div class=\"elementor-element elementor-element-8f1660a elementor-widget elementor-widget-image\" data-id=\"8f1660a\" data-element_type=\"widget\" data-e-type=\"widget\" data-widget_type=\"image.default\">\n\t\t\t\t<div class=\"elementor-widget-container\">\n\t\t\t\t\t\t\t\t\t\t\t\t\t\t\t<img loading=\"lazy\" decoding=\"async\" width=\"200\" height=\"519\" src=\"https:\/\/camtech.fi\/wp-content\/uploads\/2020\/04\/exempelbild3.png\" class=\"attachment-large size-large wp-image-717\" alt=\"\" srcset=\"https:\/\/camtech.fi\/wp-content\/uploads\/2020\/04\/exempelbild3.png 200w, https:\/\/camtech.fi\/wp-content\/uploads\/2020\/04\/exempelbild3-116x300.png 116w\" sizes=\"(max-width: 200px) 100vw, 200px\" \/>\t\t\t\t\t\t\t\t\t\t\t\t\t\t\t<\/div>\n\t\t\t\t<\/div>\n\t\t\t\t\t<\/div>\n\t\t<\/div>\n\t\t\t\t\t<\/div>\n\t\t<\/section>\n\t\t\t\t<\/div>","protected":false},"excerpt":{"rendered":"<p>Nedan en kort presentation av olika Camtech Supervision -kamera typer. F\u00f6r mera information, som alltid, v\u00e4nligen ta kontakt. Alla Camtech kameror har PoE (Pover Over Ethernet) vilket betyder att endast en ethernet kabel beh\u00f6vs dras till kameran, \u00e4ven str\u00f6mmen matas i ethernet kabeln. Det g\u00e4ller givetvis inte Wlan modellerna som beh\u00f6ver egen str\u00f6mmatning. Alla v\u00e5ra [&hellip;]<\/p>\n","protected":false},"author":1,"featured_media":0,"parent":0,"menu_order":0,"comment_status":"closed","ping_status":"closed","template":"","meta":{"footnotes":""},"class_list":["post-580","page","type-page","status-publish","hentry"],"_links":{"self":[{"href":"https:\/\/camtech.fi\/fi\/wp-json\/wp\/v2\/pages\/580","targetHints":{"allow":["GET"]}}],"collection":[{"href":"https:\/\/camtech.fi\/fi\/wp-json\/wp\/v2\/pages"}],"about":[{"href":"https:\/\/camtech.fi\/fi\/wp-json\/wp\/v2\/types\/page"}],"author":[{"embeddable":true,"href":"https:\/\/camtech.fi\/fi\/wp-json\/wp\/v2\/users\/1"}],"replies":[{"embeddable":true,"href":"https:\/\/camtech.fi\/fi\/wp-json\/wp\/v2\/comments?post=580"}],"version-history":[{"count":0,"href":"https:\/\/camtech.fi\/fi\/wp-json\/wp\/v2\/pages\/580\/revisions"}],"wp:attachment":[{"href":"https:\/\/camtech.fi\/fi\/wp-json\/wp\/v2\/media?parent=580"}],"curies":[{"name":"wp","href":"https:\/\/api.w.org\/{rel}","templated":true}]}}