{"id":755,"date":"2020-04-07T08:57:30","date_gmt":"2020-04-07T06:57:30","guid":{"rendered":"https:\/\/camtech.fi\/?page_id=755"},"modified":"2020-05-01T12:28:24","modified_gmt":"2020-05-01T09:28:24","slug":"natverks-inspelare","status":"publish","type":"page","link":"https:\/\/camtech.fi\/fi\/natverks-inspelare\/","title":{"rendered":"Verkkotallentimet (NVR)"},"content":{"rendered":"<div data-elementor-type=\"wp-page\" data-elementor-id=\"755\" class=\"elementor elementor-755\" data-elementor-settings=\"{&quot;ha_cmc_init_switcher&quot;:&quot;no&quot;}\" data-elementor-post-type=\"page\">\n\t\t\t\t\t\t<section class=\"elementor-section elementor-top-section elementor-element elementor-element-faa4dcb elementor-section-boxed elementor-section-height-default elementor-section-height-default\" data-id=\"faa4dcb\" data-element_type=\"section\" data-e-type=\"section\" data-settings=\"{&quot;_ha_eqh_enable&quot;:false}\">\n\t\t\t\t\t\t<div class=\"elementor-container elementor-column-gap-default\">\n\t\t\t\t\t<div class=\"elementor-column elementor-col-100 elementor-top-column elementor-element elementor-element-25c443c\" data-id=\"25c443c\" data-element_type=\"column\" data-e-type=\"column\">\n\t\t\t<div class=\"elementor-widget-wrap elementor-element-populated\">\n\t\t\t\t\t\t<div class=\"elementor-element elementor-element-cc506e2 elementor-widget elementor-widget-heading\" data-id=\"cc506e2\" data-element_type=\"widget\" data-e-type=\"widget\" data-widget_type=\"heading.default\">\n\t\t\t\t<div class=\"elementor-widget-container\">\n\t\t\t\t\t<h2 class=\"elementor-heading-title elementor-size-default\">Verkkotallentimet (NVR)<\/h2>\t\t\t\t<\/div>\n\t\t\t\t<\/div>\n\t\t\t\t\t<\/div>\n\t\t<\/div>\n\t\t\t\t\t<\/div>\n\t\t<\/section>\n\t\t\t\t<section class=\"elementor-section elementor-top-section elementor-element elementor-element-8c17b47 elementor-section-boxed elementor-section-height-default elementor-section-height-default elementor-invisible\" data-id=\"8c17b47\" data-element_type=\"section\" data-e-type=\"section\" data-settings=\"{&quot;animation&quot;:&quot;fadeIn&quot;,&quot;_ha_eqh_enable&quot;:false}\">\n\t\t\t\t\t\t<div class=\"elementor-container elementor-column-gap-default\">\n\t\t\t\t\t<div class=\"elementor-column elementor-col-100 elementor-top-column elementor-element elementor-element-ebea9c3\" data-id=\"ebea9c3\" data-element_type=\"column\" data-e-type=\"column\">\n\t\t\t<div class=\"elementor-widget-wrap elementor-element-populated\">\n\t\t\t\t\t\t<div class=\"elementor-element elementor-element-104568c elementor-widget elementor-widget-text-editor\" data-id=\"104568c\" data-element_type=\"widget\" data-e-type=\"widget\" data-widget_type=\"text-editor.default\">\n\t\t\t\t<div class=\"elementor-widget-container\">\n\t\t\t\t\t\t\t\t\t<p><span style=\"font-size: 1rem;\">Alla lyhyt esitys erilaisista Camtech Supervision -verkkotallentimista. Lis\u00e4tietoja, kuten aina, <a href=\"https:\/\/camtech.fi\/fi\/kontakt\/\">ottamalla yhteytt\u00e4<\/a>.<\/span><\/p><p><span style=\"font-size: 1rem;\">\u00a0<\/span><\/p><p>Vaikka jokainen Camtech IP -kamera on pohjimmiltaan oma Linux-tietokoneensa, tarvitaan (mieluiten) \"p\u00e4\u00e4tietokonetta\" h\u00e4lytysten k\u00e4sittelemiseen ja tallentamaan tapahtumia jotka on laukaistu esimerkiksi liiketunnisuksella tarkalleen m\u00e4\u00e4ritellyiss\u00e4 virtuaalialueissa valittuna ajankohtana ja viikonp\u00e4iv\u00e4n\u00e4, h\u00e4lytyksill\u00e4 kun j\u00e4rjestelm\u00e4ss\u00e4 olevaan kameraan vaikutetaan ulkoisesti, yhteyksiin pilvipalveluihin, kameroiden yhdist\u00e4miseen yhteiseen rajapintaan, lis\u00e4\u00e4 prosessointitehoa joka yhdell\u00e4 kameralla on jne.<\/p><p>T\u00e4t\u00e4 \u201dp\u00e4\u00e4tietokonetta\u201d kutsutaan NVR: ksi (Network Attached Storage).<\/p><p>Camtech NVR: t ovat Linux-tietokoneita joita ohjataan graafisessa Linux-k\u00e4ytt\u00f6j\u00e4rjestelm\u00e4ss\u00e4 tietokoneen hiirell\u00e4. Ohjaus tapahtuu tietokoneessa olevien erityisten ohjelmistojen kautta ja my\u00f6s suoraan selaimessa tai esim. tabletissa tai puhelimessa.<\/p><p>Yksi Camtech NVR pystyy k\u00e4sittelem\u00e4\u00e4n 4 - 64 kameraan (4K) mallista riippuen. Jotkut mallit l\u00e4hett\u00e4v\u00e4t PoE: t\u00e4 suoraan NVR: n ethernet-pistorasioistaan.<\/p><p>Myydyimm\u00e4t NVR-mallit ovat 9 kameran NVR-mallit, joko Wi-Fi:ll\u00e4 tai ilman. Ne voivat k\u00e4sitell\u00e4 9 kameraa, tietysti my\u00f6s pienempi\u00e4 lukum\u00e4\u00e4ri\u00e4.<\/p><p>Jos alueella on jo j\u00e4rkevi\u00e4 analogisia kameroita riitt\u00e4v\u00e4n hyv\u00e4ll\u00e4 kuvalaadulla niit\u00e4 voidaan k\u00e4ytt\u00e4\u00e4 my\u00f6s hybridimalleissamme jotka vastaanottavat sek\u00e4 IP-kuvan ett\u00e4 analogisen signaalin.<\/p>\t\t\t\t\t\t\t\t<\/div>\n\t\t\t\t<\/div>\n\t\t\t\t\t<\/div>\n\t\t<\/div>\n\t\t\t\t\t<\/div>\n\t\t<\/section>\n\t\t\t\t<section class=\"elementor-section elementor-top-section elementor-element elementor-element-565fe0d elementor-section-boxed elementor-section-height-default elementor-section-height-default\" data-id=\"565fe0d\" data-element_type=\"section\" data-e-type=\"section\" data-settings=\"{&quot;_ha_eqh_enable&quot;:false}\">\n\t\t\t\t\t\t<div class=\"elementor-container elementor-column-gap-default\">\n\t\t\t\t\t<div class=\"elementor-column elementor-col-100 elementor-top-column elementor-element elementor-element-db41e2b\" data-id=\"db41e2b\" data-element_type=\"column\" data-e-type=\"column\">\n\t\t\t<div class=\"elementor-widget-wrap\">\n\t\t\t\t\t\t\t<\/div>\n\t\t<\/div>\n\t\t\t\t\t<\/div>\n\t\t<\/section>\n\t\t\t\t<section class=\"elementor-section elementor-top-section elementor-element elementor-element-e789185 elementor-section-boxed elementor-section-height-default elementor-section-height-default elementor-invisible\" data-id=\"e789185\" data-element_type=\"section\" data-e-type=\"section\" data-settings=\"{&quot;background_background&quot;:&quot;classic&quot;,&quot;animation&quot;:&quot;fadeIn&quot;,&quot;_ha_eqh_enable&quot;:false}\">\n\t\t\t\t\t\t\t<div class=\"elementor-background-overlay\"><\/div>\n\t\t\t\t\t\t\t<div class=\"elementor-container elementor-column-gap-default\">\n\t\t\t\t\t<div class=\"elementor-column elementor-col-100 elementor-top-column elementor-element elementor-element-1d0452c\" data-id=\"1d0452c\" data-element_type=\"column\" data-e-type=\"column\">\n\t\t\t<div class=\"elementor-widget-wrap elementor-element-populated\">\n\t\t\t\t\t\t<div class=\"elementor-element elementor-element-7929d3f elementor-widget elementor-widget-text-editor\" data-id=\"7929d3f\" data-element_type=\"widget\" data-e-type=\"widget\" data-widget_type=\"text-editor.default\">\n\t\t\t\t<div class=\"elementor-widget-container\">\n\t\t\t\t\t\t\t\t\t<p>Camtech IP -kamerat ovat periaatteessa omia Linux-tietokoneita joissa on mm. sulautettu web-palvelin, s\u00e4hk\u00f6postipalvelin, FTP, DDNS, RTSP .. ja tietokonehiiren kanssa k\u00e4ytett\u00e4v\u00e4 graafinen k\u00e4ytt\u00f6j\u00e4rjestelm\u00e4. Ne ohjelmoidaan ja ne k\u00e4ytet\u00e4\u00e4n mukana toimitetun erikoisohjelmiston kautta ja my\u00f6s suoraan yleisimmiss\u00e4 selaimissa. Perusteellisen alkukonfiguraation j\u00e4lkeen niit\u00e4 ei tarvitse muuttaa sitten normaalisti vuosikausiin.<br \/><span style=\"font-size: 1rem;\">Joskus saattaa olla syyt\u00e4 p\u00e4ivitt\u00e4\u00e4 ohjelmisto viimeisimm\u00e4ksi, ilmoitan siin\u00e4 tapauksessa.<br \/><\/span>Sis\u00e4isen kiintolevyn lis\u00e4ksi ne l\u00e4hett\u00e4v\u00e4t my\u00f6s materiaalia pilveen reaaliajassa. NVR-talentimia voidaan k\u00e4ytt\u00e4\u00e4 miss\u00e4 tahansa mist\u00e4 p\u00e4in maailmaa tahansa tietokoneen, tabletin tai puhelimen kautta.<span style=\"font-size: 1rem;\"><br \/><\/span><\/p><p>Uusimmissa malleissa on nyt AI, niille voidaan tallentaa kasvokuvia ja verrata tallennettua tuttuihin kasvoihin (eik\u00e4 esimerkiksi tallentaa ihmisi\u00e4, joilla on oikeus liikkua alueella). N\u00e4iss\u00e4 on my\u00f6s kasvohaku. Voit hakea kasvokuvan perusteella laukaistujen liiketunnistintallennusten avulla l\u00f6yt\u00e4\u00e4ksesi milloin joku tunnettu henkil\u00f6 liikkui alueella. Ne voivat my\u00f6s zoomata kasvoihin tallennettaessa. Jne.<\/p>\t\t\t\t\t\t\t\t<\/div>\n\t\t\t\t<\/div>\n\t\t\t\t\t<\/div>\n\t\t<\/div>\n\t\t\t\t\t<\/div>\n\t\t<\/section>\n\t\t\t\t<section class=\"elementor-section elementor-top-section elementor-element elementor-element-57b90ee elementor-section-boxed elementor-section-height-default elementor-section-height-default elementor-invisible\" data-id=\"57b90ee\" data-element_type=\"section\" data-e-type=\"section\" data-settings=\"{&quot;animation&quot;:&quot;fadeIn&quot;,&quot;_ha_eqh_enable&quot;:false}\">\n\t\t\t\t\t\t<div class=\"elementor-container elementor-column-gap-default\">\n\t\t\t\t\t<div class=\"elementor-column elementor-col-100 elementor-top-column elementor-element elementor-element-51dfc1e\" data-id=\"51dfc1e\" data-element_type=\"column\" data-e-type=\"column\">\n\t\t\t<div class=\"elementor-widget-wrap elementor-element-populated\">\n\t\t\t\t\t\t<div class=\"elementor-element elementor-element-7a16a6b elementor-widget elementor-widget-heading\" data-id=\"7a16a6b\" data-element_type=\"widget\" data-e-type=\"widget\" data-widget_type=\"heading.default\">\n\t\t\t\t<div class=\"elementor-widget-container\">\n\t\t\t\t\t<h4 class=\"elementor-heading-title elementor-size-default\">Esimerkkej\u00e4 AI:n k\u00e4yt\u00f6st\u00e4 NVR tallennuksessa<\/h4>\t\t\t\t<\/div>\n\t\t\t\t<\/div>\n\t\t\t\t<section class=\"elementor-section elementor-inner-section elementor-element elementor-element-85a82d0 elementor-section-boxed elementor-section-height-default elementor-section-height-default\" data-id=\"85a82d0\" data-element_type=\"section\" data-e-type=\"section\" data-settings=\"{&quot;_ha_eqh_enable&quot;:false}\">\n\t\t\t\t\t\t<div class=\"elementor-container elementor-column-gap-default\">\n\t\t\t\t\t<div class=\"elementor-column elementor-col-33 elementor-inner-column elementor-element elementor-element-c6ff0f9\" data-id=\"c6ff0f9\" data-element_type=\"column\" data-e-type=\"column\">\n\t\t\t<div class=\"elementor-widget-wrap elementor-element-populated\">\n\t\t\t\t\t\t<div class=\"elementor-element elementor-element-b13f0ab elementor-widget elementor-widget-image\" data-id=\"b13f0ab\" data-element_type=\"widget\" data-e-type=\"widget\" data-widget_type=\"image.default\">\n\t\t\t\t<div class=\"elementor-widget-container\">\n\t\t\t\t\t\t\t\t\t\t\t\t\t\t\t<img fetchpriority=\"high\" decoding=\"async\" width=\"344\" height=\"210\" src=\"https:\/\/camtech.fi\/wp-content\/uploads\/2020\/04\/ansiktsigenkanning.jpg\" class=\"attachment-full size-full wp-image-805\" alt=\"Ansiktsigenk\u00e4nning\" srcset=\"https:\/\/camtech.fi\/wp-content\/uploads\/2020\/04\/ansiktsigenkanning.jpg.webp 344w, https:\/\/camtech.fi\/wp-content\/uploads\/2020\/04\/ansiktsigenkanning-300x183.jpg.webp 300w\" sizes=\"(max-width: 344px) 100vw, 344px\" \/>\t\t\t\t\t\t\t\t\t\t\t\t\t\t\t<\/div>\n\t\t\t\t<\/div>\n\t\t\t\t<div class=\"elementor-element elementor-element-992dcbd elementor-widget elementor-widget-text-editor\" data-id=\"992dcbd\" data-element_type=\"widget\" data-e-type=\"widget\" data-widget_type=\"text-editor.default\">\n\t\t\t\t<div class=\"elementor-widget-container\">\n\t\t\t\t\t\t\t\t\t<p>Kasvojen tunnistus<\/p>\t\t\t\t\t\t\t\t<\/div>\n\t\t\t\t<\/div>\n\t\t\t\t\t<\/div>\n\t\t<\/div>\n\t\t\t\t<div class=\"elementor-column elementor-col-33 elementor-inner-column elementor-element elementor-element-d6de805\" data-id=\"d6de805\" data-element_type=\"column\" data-e-type=\"column\">\n\t\t\t<div class=\"elementor-widget-wrap elementor-element-populated\">\n\t\t\t\t\t\t<div class=\"elementor-element elementor-element-b5e53e7 elementor-widget elementor-widget-image\" data-id=\"b5e53e7\" data-element_type=\"widget\" data-e-type=\"widget\" data-widget_type=\"image.default\">\n\t\t\t\t<div class=\"elementor-widget-container\">\n\t\t\t\t\t\t\t\t\t\t\t\t\t\t\t<img decoding=\"async\" width=\"344\" height=\"210\" src=\"https:\/\/camtech.fi\/wp-content\/uploads\/2020\/04\/ansiktsjamforelse.jpg\" class=\"attachment-full size-full wp-image-811\" alt=\"Ansikts j\u00e4mf\u00f6relse\" srcset=\"https:\/\/camtech.fi\/wp-content\/uploads\/2020\/04\/ansiktsjamforelse.jpg.webp 344w, https:\/\/camtech.fi\/wp-content\/uploads\/2020\/04\/ansiktsjamforelse-300x183.jpg.webp 300w\" sizes=\"(max-width: 344px) 100vw, 344px\" \/>\t\t\t\t\t\t\t\t\t\t\t\t\t\t\t<\/div>\n\t\t\t\t<\/div>\n\t\t\t\t<div class=\"elementor-element elementor-element-317ceae elementor-widget elementor-widget-text-editor\" data-id=\"317ceae\" data-element_type=\"widget\" data-e-type=\"widget\" data-widget_type=\"text-editor.default\">\n\t\t\t\t<div class=\"elementor-widget-container\">\n\t\t\t\t\t\t\t\t\t<p>Kasvojen vertailu<\/p>\t\t\t\t\t\t\t\t<\/div>\n\t\t\t\t<\/div>\n\t\t\t\t\t<\/div>\n\t\t<\/div>\n\t\t\t\t<div class=\"elementor-column elementor-col-33 elementor-inner-column elementor-element elementor-element-43bc4ef\" data-id=\"43bc4ef\" data-element_type=\"column\" data-e-type=\"column\">\n\t\t\t<div class=\"elementor-widget-wrap elementor-element-populated\">\n\t\t\t\t\t\t<div class=\"elementor-element elementor-element-7631b6f elementor-widget elementor-widget-image\" data-id=\"7631b6f\" data-element_type=\"widget\" data-e-type=\"widget\" data-widget_type=\"image.default\">\n\t\t\t\t<div class=\"elementor-widget-container\">\n\t\t\t\t\t\t\t\t\t\t\t\t\t\t\t<img decoding=\"async\" width=\"344\" height=\"210\" src=\"https:\/\/camtech.fi\/wp-content\/uploads\/2020\/04\/intrusion.jpg\" class=\"attachment-full size-full wp-image-812\" alt=\"M\u00e5lomr\u00e5de\" srcset=\"https:\/\/camtech.fi\/wp-content\/uploads\/2020\/04\/intrusion.jpg.webp 344w, https:\/\/camtech.fi\/wp-content\/uploads\/2020\/04\/intrusion-300x183.jpg.webp 300w\" sizes=\"(max-width: 344px) 100vw, 344px\" \/>\t\t\t\t\t\t\t\t\t\t\t\t\t\t\t<\/div>\n\t\t\t\t<\/div>\n\t\t\t\t<div class=\"elementor-element elementor-element-887f9c1 elementor-widget elementor-widget-text-editor\" data-id=\"887f9c1\" data-element_type=\"widget\" data-e-type=\"widget\" data-widget_type=\"text-editor.default\">\n\t\t\t\t<div class=\"elementor-widget-container\">\n\t\t\t\t\t\t\t\t\t<p>H\u00e4lytys\/ tallennus virtuaalisen alueen ylityksess\u00e4<\/p>\t\t\t\t\t\t\t\t<\/div>\n\t\t\t\t<\/div>\n\t\t\t\t\t<\/div>\n\t\t<\/div>\n\t\t\t\t\t<\/div>\n\t\t<\/section>\n\t\t\t\t<section class=\"elementor-section elementor-inner-section elementor-element elementor-element-b5e0d99 elementor-section-boxed elementor-section-height-default elementor-section-height-default\" data-id=\"b5e0d99\" data-element_type=\"section\" data-e-type=\"section\" data-settings=\"{&quot;_ha_eqh_enable&quot;:false}\">\n\t\t\t\t\t\t<div class=\"elementor-container elementor-column-gap-default\">\n\t\t\t\t\t<div class=\"elementor-column elementor-col-33 elementor-inner-column elementor-element elementor-element-0b8a04b\" data-id=\"0b8a04b\" data-element_type=\"column\" data-e-type=\"column\">\n\t\t\t<div class=\"elementor-widget-wrap elementor-element-populated\">\n\t\t\t\t\t\t<div class=\"elementor-element elementor-element-2b525f2 elementor-widget elementor-widget-image\" data-id=\"2b525f2\" data-element_type=\"widget\" data-e-type=\"widget\" data-widget_type=\"image.default\">\n\t\t\t\t<div class=\"elementor-widget-container\">\n\t\t\t\t\t\t\t\t\t\t\t\t\t\t\t<img loading=\"lazy\" decoding=\"async\" width=\"344\" height=\"210\" src=\"https:\/\/camtech.fi\/wp-content\/uploads\/2020\/04\/korsa_over.jpg\" class=\"attachment-full size-full wp-image-814\" alt=\"Korsa streck\" srcset=\"https:\/\/camtech.fi\/wp-content\/uploads\/2020\/04\/korsa_over.jpg.webp 344w, https:\/\/camtech.fi\/wp-content\/uploads\/2020\/04\/korsa_over-300x183.jpg.webp 300w\" sizes=\"(max-width: 344px) 100vw, 344px\" \/>\t\t\t\t\t\t\t\t\t\t\t\t\t\t\t<\/div>\n\t\t\t\t<\/div>\n\t\t\t\t<div class=\"elementor-element elementor-element-8889db5 elementor-widget elementor-widget-text-editor\" data-id=\"8889db5\" data-element_type=\"widget\" data-e-type=\"widget\" data-widget_type=\"text-editor.default\">\n\t\t\t\t<div class=\"elementor-widget-container\">\n\t\t\t\t\t\t\t\t\t<p>H\u00e4lytys\/ tallennus virtuaalisen viivan ylityksess\u00e4<\/p>\t\t\t\t\t\t\t\t<\/div>\n\t\t\t\t<\/div>\n\t\t\t\t\t<\/div>\n\t\t<\/div>\n\t\t\t\t<div class=\"elementor-column elementor-col-33 elementor-inner-column elementor-element elementor-element-a0510e0\" data-id=\"a0510e0\" data-element_type=\"column\" data-e-type=\"column\">\n\t\t\t<div class=\"elementor-widget-wrap elementor-element-populated\">\n\t\t\t\t\t\t<div class=\"elementor-element elementor-element-b3012f3 elementor-widget elementor-widget-image\" data-id=\"b3012f3\" data-element_type=\"widget\" data-e-type=\"widget\" data-widget_type=\"image.default\">\n\t\t\t\t<div class=\"elementor-widget-container\">\n\t\t\t\t\t\t\t\t\t\t\t\t\t\t\t<img loading=\"lazy\" decoding=\"async\" width=\"344\" height=\"210\" src=\"https:\/\/camtech.fi\/wp-content\/uploads\/2020\/04\/kvardrojande.jpg\" class=\"attachment-full size-full wp-image-815\" alt=\"Kvardr\u00f6jande\" srcset=\"https:\/\/camtech.fi\/wp-content\/uploads\/2020\/04\/kvardrojande.jpg.webp 344w, https:\/\/camtech.fi\/wp-content\/uploads\/2020\/04\/kvardrojande-300x183.jpg.webp 300w\" sizes=\"(max-width: 344px) 100vw, 344px\" \/>\t\t\t\t\t\t\t\t\t\t\t\t\t\t\t<\/div>\n\t\t\t\t<\/div>\n\t\t\t\t<div class=\"elementor-element elementor-element-ff6255d elementor-widget elementor-widget-text-editor\" data-id=\"ff6255d\" data-element_type=\"widget\" data-e-type=\"widget\" data-widget_type=\"text-editor.default\">\n\t\t\t\t<div class=\"elementor-widget-container\">\n\t\t\t\t\t\t\t\t\t<p>Paikalla viipyv\u00e4n henkil\u00f6n h\u00e4lytys\/ tallennus<\/p>\t\t\t\t\t\t\t\t<\/div>\n\t\t\t\t<\/div>\n\t\t\t\t\t<\/div>\n\t\t<\/div>\n\t\t\t\t<div class=\"elementor-column elementor-col-33 elementor-inner-column elementor-element elementor-element-f13e3d7\" data-id=\"f13e3d7\" data-element_type=\"column\" data-e-type=\"column\">\n\t\t\t<div class=\"elementor-widget-wrap elementor-element-populated\">\n\t\t\t\t\t\t<div class=\"elementor-element elementor-element-6eefd8c elementor-widget elementor-widget-image\" data-id=\"6eefd8c\" data-element_type=\"widget\" data-e-type=\"widget\" data-widget_type=\"image.default\">\n\t\t\t\t<div class=\"elementor-widget-container\">\n\t\t\t\t\t\t\t\t\t\t\t\t\t\t\t<img loading=\"lazy\" decoding=\"async\" width=\"344\" height=\"210\" src=\"https:\/\/camtech.fi\/wp-content\/uploads\/2020\/04\/folkmassa.jpg\" class=\"attachment-full size-full wp-image-817\" alt=\"Folkmassa\" srcset=\"https:\/\/camtech.fi\/wp-content\/uploads\/2020\/04\/folkmassa.jpg.webp 344w, https:\/\/camtech.fi\/wp-content\/uploads\/2020\/04\/folkmassa-300x183.jpg.webp 300w\" sizes=\"(max-width: 344px) 100vw, 344px\" \/>\t\t\t\t\t\t\t\t\t\t\t\t\t\t\t<\/div>\n\t\t\t\t<\/div>\n\t\t\t\t<div class=\"elementor-element elementor-element-549c959 elementor-widget elementor-widget-text-editor\" data-id=\"549c959\" data-element_type=\"widget\" data-e-type=\"widget\" data-widget_type=\"text-editor.default\">\n\t\t\t\t<div class=\"elementor-widget-container\">\n\t\t\t\t\t\t\t\t\t<p>H\u00e4lytys\/ tallennus ihmismassan ilmetess\u00e4<\/p>\t\t\t\t\t\t\t\t<\/div>\n\t\t\t\t<\/div>\n\t\t\t\t\t<\/div>\n\t\t<\/div>\n\t\t\t\t\t<\/div>\n\t\t<\/section>\n\t\t\t\t\t<\/div>\n\t\t<\/div>\n\t\t\t\t\t<\/div>\n\t\t<\/section>\n\t\t\t\t<\/div>","protected":false},"excerpt":{"rendered":"<p>Nedan en kort presentation av Camtech Supervision -NVR&#8217;s. F\u00f6r mera information, som alltid, v\u00e4nligen ta kontakt. Trots att varje Camtech IP-kamera i princip \u00e4r en egen Linux dator beh\u00f6vs (helst) en &#8221;huvuddator&#8221; f\u00f6r att sk\u00f6ta om alarm, inspelning av h\u00e4ndelser som triggats t.ex. av r\u00f6relse p\u00e5 exakt utm\u00e4rkta virtuella omr\u00e5den under vald tidpunkt och veckodag, [&hellip;]<\/p>\n","protected":false},"author":1,"featured_media":0,"parent":0,"menu_order":0,"comment_status":"closed","ping_status":"closed","template":"","meta":{"footnotes":""},"class_list":["post-755","page","type-page","status-publish","hentry"],"_links":{"self":[{"href":"https:\/\/camtech.fi\/fi\/wp-json\/wp\/v2\/pages\/755","targetHints":{"allow":["GET"]}}],"collection":[{"href":"https:\/\/camtech.fi\/fi\/wp-json\/wp\/v2\/pages"}],"about":[{"href":"https:\/\/camtech.fi\/fi\/wp-json\/wp\/v2\/types\/page"}],"author":[{"embeddable":true,"href":"https:\/\/camtech.fi\/fi\/wp-json\/wp\/v2\/users\/1"}],"replies":[{"embeddable":true,"href":"https:\/\/camtech.fi\/fi\/wp-json\/wp\/v2\/comments?post=755"}],"version-history":[{"count":0,"href":"https:\/\/camtech.fi\/fi\/wp-json\/wp\/v2\/pages\/755\/revisions"}],"wp:attachment":[{"href":"https:\/\/camtech.fi\/fi\/wp-json\/wp\/v2\/media?parent=755"}],"curies":[{"name":"wp","href":"https:\/\/api.w.org\/{rel}","templated":true}]}}