{"id":829,"date":"2020-04-08T08:07:59","date_gmt":"2020-04-08T06:07:59","guid":{"rendered":"https:\/\/camtech.fi\/?page_id=829"},"modified":"2020-05-01T12:29:00","modified_gmt":"2020-05-01T09:29:00","slug":"specialkameror-och-sensorer","status":"publish","type":"page","link":"https:\/\/camtech.fi\/fi\/specialkameror-och-sensorer\/","title":{"rendered":"Erikoiskamerat- ja anturit"},"content":{"rendered":"<div data-elementor-type=\"wp-page\" data-elementor-id=\"829\" class=\"elementor elementor-829\" data-elementor-settings=\"{&quot;ha_cmc_init_switcher&quot;:&quot;no&quot;}\" data-elementor-post-type=\"page\">\n\t\t\t\t\t\t<section class=\"elementor-section elementor-top-section elementor-element elementor-element-faa4dcb elementor-section-boxed elementor-section-height-default elementor-section-height-default\" data-id=\"faa4dcb\" data-element_type=\"section\" data-e-type=\"section\" data-settings=\"{&quot;_ha_eqh_enable&quot;:false}\">\n\t\t\t\t\t\t<div class=\"elementor-container elementor-column-gap-default\">\n\t\t\t\t\t<div class=\"elementor-column elementor-col-100 elementor-top-column elementor-element elementor-element-25c443c\" data-id=\"25c443c\" data-element_type=\"column\" data-e-type=\"column\">\n\t\t\t<div class=\"elementor-widget-wrap elementor-element-populated\">\n\t\t\t\t\t\t<div class=\"elementor-element elementor-element-cc506e2 elementor-widget elementor-widget-heading\" data-id=\"cc506e2\" data-element_type=\"widget\" data-e-type=\"widget\" data-widget_type=\"heading.default\">\n\t\t\t\t<div class=\"elementor-widget-container\">\n\t\t\t\t\t<h2 class=\"elementor-heading-title elementor-size-default\">Erikoiskamerat- ja anturit<\/h2>\t\t\t\t<\/div>\n\t\t\t\t<\/div>\n\t\t\t\t\t<\/div>\n\t\t<\/div>\n\t\t\t\t\t<\/div>\n\t\t<\/section>\n\t\t\t\t<section class=\"elementor-section elementor-top-section elementor-element elementor-element-8c17b47 elementor-section-boxed elementor-section-height-default elementor-section-height-default elementor-invisible\" data-id=\"8c17b47\" data-element_type=\"section\" data-e-type=\"section\" data-settings=\"{&quot;animation&quot;:&quot;fadeIn&quot;,&quot;_ha_eqh_enable&quot;:false}\">\n\t\t\t\t\t\t<div class=\"elementor-container elementor-column-gap-default\">\n\t\t\t\t\t<div class=\"elementor-column elementor-col-100 elementor-top-column elementor-element elementor-element-ebea9c3\" data-id=\"ebea9c3\" data-element_type=\"column\" data-e-type=\"column\">\n\t\t\t<div class=\"elementor-widget-wrap elementor-element-populated\">\n\t\t\t\t\t\t<div class=\"elementor-element elementor-element-104568c elementor-widget elementor-widget-text-editor\" data-id=\"104568c\" data-element_type=\"widget\" data-e-type=\"widget\" data-widget_type=\"text-editor.default\">\n\t\t\t\t<div class=\"elementor-widget-container\">\n\t\t\t\t\t\t\t\t\t<p><span style=\"font-size: 1rem;\">Specialkameror \u00e4r t.ex. IR-kameror, fasta i samband med \u00f6vervakning och \u00e4ven handh\u00e5llna modeller. Andra som kan n\u00e4mnas \u00e4r miniatyrkameror i HD med Wi-Fi, kamouflerade \u00f6vervakningskameror t.ex. inbyggda i v\u00e4ggklockor eller vilka liknar r\u00f6kdetektorer, PTZ kameror, Fisheye kameror, v\u00e4rmekameror osv.<\/span><\/p><p><span style=\"font-size: 1rem;\">Koska valvontatekniikka perustuu IP:hen, on helppoa lis\u00e4t\u00e4 erilaisia IP-lis\u00e4antureita kokonaisuuteen.<\/span><\/p><p><span style=\"font-size: 1rem;\">Anturit, signaalimuuntimet, I\/O-moduulit, ohjelmistot ja lokitallennus eurooppalaisilta valmistajilta ja v\u00e4h\u00e4isemm\u00e4ss\u00e4 m\u00e4\u00e4rin Aasiasta. Lokipalvelut ja online-seuranta tehd\u00e4\u00e4n tarpeen mukaan (katso alla oleva esimerkki t\u00e4ll\u00e4 sivulla).<\/span><\/p><p>Alla muutama esimerkki antureista ja erikoiskameroista. Lis\u00e4tietoa l\u00f6ytyy esim. anturi valmistajan Internet-sivuilta <a href=\"https:\/\/en.papouch.com\/\" target=\"_blank\" rel=\"noopener\">papouch.com<\/a>.<\/p><p><span style=\"font-size: 1rem;\">Lis\u00e4tietoja, kuten aina,<\/span><span style=\"font-size: 1rem;\">\u00a0<\/span><a style=\"font-size: 1rem; background-color: #ffffff;\" href=\"https:\/\/camtech.fi\/fi\/kontakt\/\">ottamalla yhteytt\u00e4<\/a><span style=\"font-size: 1rem;\">.<\/span><\/p>\t\t\t\t\t\t\t\t<\/div>\n\t\t\t\t<\/div>\n\t\t\t\t\t<\/div>\n\t\t<\/div>\n\t\t\t\t\t<\/div>\n\t\t<\/section>\n\t\t\t\t<section class=\"elementor-section elementor-top-section elementor-element elementor-element-565fe0d elementor-section-boxed elementor-section-height-default elementor-section-height-default\" data-id=\"565fe0d\" data-element_type=\"section\" data-e-type=\"section\" data-settings=\"{&quot;_ha_eqh_enable&quot;:false}\">\n\t\t\t\t\t\t<div class=\"elementor-container elementor-column-gap-default\">\n\t\t\t\t\t<div class=\"elementor-column elementor-col-100 elementor-top-column elementor-element elementor-element-db41e2b\" data-id=\"db41e2b\" data-element_type=\"column\" data-e-type=\"column\">\n\t\t\t<div class=\"elementor-widget-wrap\">\n\t\t\t\t\t\t\t<\/div>\n\t\t<\/div>\n\t\t\t\t\t<\/div>\n\t\t<\/section>\n\t\t\t\t<section class=\"elementor-section elementor-top-section elementor-element elementor-element-e789185 elementor-section-boxed elementor-section-height-default elementor-section-height-default\" data-id=\"e789185\" data-element_type=\"section\" data-e-type=\"section\" data-settings=\"{&quot;background_background&quot;:&quot;classic&quot;,&quot;animation&quot;:&quot;none&quot;,&quot;_ha_eqh_enable&quot;:false}\">\n\t\t\t\t\t\t\t<div class=\"elementor-background-overlay\"><\/div>\n\t\t\t\t\t\t\t<div class=\"elementor-container elementor-column-gap-default\">\n\t\t\t\t\t<div class=\"elementor-column elementor-col-100 elementor-top-column elementor-element elementor-element-1d0452c\" data-id=\"1d0452c\" data-element_type=\"column\" data-e-type=\"column\">\n\t\t\t<div class=\"elementor-widget-wrap elementor-element-populated\">\n\t\t\t\t\t\t<div class=\"elementor-element elementor-element-7929d3f elementor-invisible elementor-widget elementor-widget-text-editor\" data-id=\"7929d3f\" data-element_type=\"widget\" data-e-type=\"widget\" data-settings=\"{&quot;_animation&quot;:&quot;fadeIn&quot;}\" data-widget_type=\"text-editor.default\">\n\t\t\t\t<div class=\"elementor-widget-container\">\n\t\t\t\t\t\t\t\t\t<p>Esimerkkej\u00e4 yksinoikeudella maahantuotavista teollisuuselektroniikkatuotteista (englanniksi):<\/p>\t\t\t\t\t\t\t\t<\/div>\n\t\t\t\t<\/div>\n\t\t\t\t<section class=\"elementor-section elementor-inner-section elementor-element elementor-element-488e318 elementor-section-boxed elementor-section-height-default elementor-section-height-default elementor-invisible\" data-id=\"488e318\" data-element_type=\"section\" data-e-type=\"section\" data-settings=\"{&quot;animation&quot;:&quot;fadeIn&quot;,&quot;_ha_eqh_enable&quot;:false}\">\n\t\t\t\t\t\t<div class=\"elementor-container elementor-column-gap-default\">\n\t\t\t\t\t<div class=\"elementor-column elementor-col-33 elementor-inner-column elementor-element elementor-element-7fdf6f3\" data-id=\"7fdf6f3\" data-element_type=\"column\" data-e-type=\"column\">\n\t\t\t<div class=\"elementor-widget-wrap elementor-element-populated\">\n\t\t\t\t\t\t<div class=\"elementor-element elementor-element-83bc552 elementor-widget elementor-widget-text-editor\" data-id=\"83bc552\" data-element_type=\"widget\" data-e-type=\"widget\" data-widget_type=\"text-editor.default\">\n\t\t\t\t<div class=\"elementor-widget-container\">\n\t\t\t\t\t\t\t\t\t<ul><li>Ethernet to RS485 converters<\/li><li>Ethernet to RS232 converters<\/li><li>PoE Ethernet serial server supporting RS232 or RS485<\/li><li>Ethernet to RS422\/RS485 converters and isolators<\/li><li>MODBUS TCP to RTU\/ASCII Converter<\/li><li>LAN to RS232 converters<\/li><li>USB to RS485\/RS232\/RS422 converters<\/li><li>Wi-Fi to RS\/232\/RS485 converters<\/li><\/ul>\t\t\t\t\t\t\t\t<\/div>\n\t\t\t\t<\/div>\n\t\t\t\t\t<\/div>\n\t\t<\/div>\n\t\t\t\t<div class=\"elementor-column elementor-col-33 elementor-inner-column elementor-element elementor-element-432a2ed\" data-id=\"432a2ed\" data-element_type=\"column\" data-e-type=\"column\">\n\t\t\t<div class=\"elementor-widget-wrap elementor-element-populated\">\n\t\t\t\t\t\t<div class=\"elementor-element elementor-element-b518ea9 elementor-widget elementor-widget-text-editor\" data-id=\"b518ea9\" data-element_type=\"widget\" data-e-type=\"widget\" data-widget_type=\"text-editor.default\">\n\t\t\t\t<div class=\"elementor-widget-container\">\n\t\t\t\t\t\t\t\t\t<ul><li>MODBUS TCP to RTU\/ASCII converters<\/li><li>Wiegand to RS232\/RS485 converters<\/li><li>Ethernet thermometers and\/or hygrometers\/dew point measurement<\/li><li>RS485 thermometer and hygrometer<\/li><li>Temperature and humidity sensors<\/li><li>Wi-Fi thermometers and hygrometers<\/li><li>USB thermometers and hygrometers<\/li><li>Pipe mount thermometers with RS485<\/li><li>CO2 sensors<\/li><\/ul>\t\t\t\t\t\t\t\t<\/div>\n\t\t\t\t<\/div>\n\t\t\t\t\t<\/div>\n\t\t<\/div>\n\t\t\t\t<div class=\"elementor-column elementor-col-33 elementor-inner-column elementor-element elementor-element-57d6bac\" data-id=\"57d6bac\" data-element_type=\"column\" data-e-type=\"column\">\n\t\t\t<div class=\"elementor-widget-wrap elementor-element-populated\">\n\t\t\t\t\t\t<div class=\"elementor-element elementor-element-3e5a683 elementor-widget elementor-widget-text-editor\" data-id=\"3e5a683\" data-element_type=\"widget\" data-e-type=\"widget\" data-widget_type=\"text-editor.default\">\n\t\t\t\t<div class=\"elementor-widget-container\">\n\t\t\t\t\t\t\t\t\t<ul><li>Ethernet anemometers<\/li><li>Weather stations with ethernet (PoE)<\/li><li>Windsensors with ethernet or RS<\/li><li>Outdoor RS485 thermometers<\/li><li>Splitters\/extenders of RS485<\/li><li>Segment LED displays<\/li><li>Measurement software<\/li><li>Extenders for difital I\/O over ethernet<\/li><li>RS232 isolators<\/li><li>Thermometers for k-type thermocouple<\/li><\/ul>\t\t\t\t\t\t\t\t<\/div>\n\t\t\t\t<\/div>\n\t\t\t\t\t<\/div>\n\t\t<\/div>\n\t\t\t\t\t<\/div>\n\t\t<\/section>\n\t\t\t\t<div class=\"elementor-element elementor-element-f295579 elementor-invisible elementor-widget elementor-widget-text-editor\" data-id=\"f295579\" data-element_type=\"widget\" data-e-type=\"widget\" data-settings=\"{&quot;_animation&quot;:&quot;fadeIn&quot;}\" data-widget_type=\"text-editor.default\">\n\t\t\t\t<div class=\"elementor-widget-container\">\n\t\t\t\t\t\t\t\t\t<p>Useimpia arvoja voidaan tarkkailla ja tallentaa erityisohjelmassa (vain Windows), ja ne mahdollistavat useimpien yll\u00e4 olevien anturien keskusvalvonnan. Ohjelma voi my\u00f6s h\u00e4lytt\u00e4\u00e4 ja \/ tai ilmoittaa signaalin, s\u00e4hk\u00f6postin ja GSM: n kautta. Ohjelma maksaa 239 \u20ac (+ alv) ja olemassa on my\u00f6s yksinkertaisempi ilmaisversio. T\u00e4ydet verkkoversiot ovat my\u00f6s mahdollisia, joissa voi seurata tietoja palvelintietokannasta. Alla on esimerkki l\u00e4mm\u00f6n \/ kosteuden seurannasta toimistomme ulkopuolelta V\u00e4stanfj\u00e4rdist\u00e4.<\/p>\t\t\t\t\t\t\t\t<\/div>\n\t\t\t\t<\/div>\n\t\t\t\t\t<\/div>\n\t\t<\/div>\n\t\t\t\t\t<\/div>\n\t\t<\/section>\n\t\t\t\t<section class=\"elementor-section elementor-top-section elementor-element elementor-element-ce8fc9c elementor-section-boxed elementor-section-height-default elementor-section-height-default elementor-invisible\" data-id=\"ce8fc9c\" data-element_type=\"section\" data-e-type=\"section\" data-settings=\"{&quot;animation&quot;:&quot;fadeIn&quot;,&quot;_ha_eqh_enable&quot;:false}\">\n\t\t\t\t\t\t<div class=\"elementor-container elementor-column-gap-default\">\n\t\t\t\t\t<div class=\"elementor-column elementor-col-100 elementor-top-column elementor-element elementor-element-2dc4806\" data-id=\"2dc4806\" data-element_type=\"column\" data-e-type=\"column\">\n\t\t\t<div class=\"elementor-widget-wrap elementor-element-populated\">\n\t\t\t\t\t\t<div class=\"elementor-element elementor-element-d857e8d elementor-widget elementor-widget-heading\" data-id=\"d857e8d\" data-element_type=\"widget\" data-e-type=\"widget\" data-widget_type=\"heading.default\">\n\t\t\t\t<div class=\"elementor-widget-container\">\n\t\t\t\t\t<h4 class=\"elementor-heading-title elementor-size-default\">Live demo l\u00e4mp\u00f6 - kosteus (ethernet) datasta<\/h4>\t\t\t\t<\/div>\n\t\t\t\t<\/div>\n\t\t\t\t<div class=\"elementor-element elementor-element-de675c6 elementor-widget elementor-widget-text-editor\" data-id=\"de675c6\" data-element_type=\"widget\" data-e-type=\"widget\" data-widget_type=\"text-editor.default\">\n\t\t\t\t<div class=\"elementor-widget-container\">\n\t\t\t\t\t\t\t\t\t<p>T\u00e4m\u00e4 demosovellus joka esitt\u00e4\u00e4 mitattuja l\u00e4mmitys - kosteus -arvoja V\u00e4stanfj\u00e4rdist\u00e4 l\u00e4hetet\u00e4\u00e4n joka toinen sekunti MySQL-palvelintietokantaan. Tietokannan arvot esitet\u00e4\u00e4n sitten graafisesti php-koodilla mm. graafeina. Ne voidaan my\u00f6s esitell\u00e4 erityisess\u00e4 puhelinsovelluksessa tai Windowsin ty\u00f6p\u00f6yt\u00e4 widgetiss\u00e4 tai k\u00e4ytt\u00e4\u00e4 melkeinp\u00e4 miten vain yhdess\u00e4 muiden ker\u00e4ttyjen tietojen kanssa.<\/p><p>Esimerkin tiedot mitataan ja l\u00e4hetet\u00e4\u00e4n Papouch TH2E: n kautta\u00a0<span style=\"font-size: 1rem;\">TCP\/XML.<\/span><span style=\"font-size: 1rem;\">\u00a0Demosovelluksen data p\u00e4ivitet\u00e4\u00e4n AJAX:illa kerran minuutissa.<\/span><\/p><p><span style=\"font-size: 1rem;\">Useimmat signaali tiedot voidaan esitell\u00e4 vastaavalla tavalla.<\/span><\/p>\t\t\t\t\t\t\t\t<\/div>\n\t\t\t\t<\/div>\n\t\t\t\t<section class=\"elementor-section elementor-inner-section elementor-element elementor-element-42a1c3e elementor-section-boxed elementor-section-height-default elementor-section-height-default\" data-id=\"42a1c3e\" data-element_type=\"section\" data-e-type=\"section\" data-settings=\"{&quot;_ha_eqh_enable&quot;:false}\">\n\t\t\t\t\t\t<div class=\"elementor-container elementor-column-gap-no\">\n\t\t\t\t\t<div class=\"elementor-column elementor-col-50 elementor-inner-column elementor-element elementor-element-7f2213d\" data-id=\"7f2213d\" data-element_type=\"column\" data-e-type=\"column\">\n\t\t\t<div class=\"elementor-widget-wrap elementor-element-populated\">\n\t\t\t\t\t\t<div class=\"elementor-element elementor-element-7c7e3f4 elementor-widget elementor-widget-button\" data-id=\"7c7e3f4\" data-element_type=\"widget\" data-e-type=\"widget\" data-widget_type=\"button.default\">\n\t\t\t\t<div class=\"elementor-widget-container\">\n\t\t\t\t\t\t\t\t\t<div class=\"elementor-button-wrapper\">\n\t\t\t\t\t<a class=\"elementor-button elementor-button-link elementor-size-sm\" href=\"#elementor-action%3Aaction%3Dpopup%3Aopen%26settings%3DeyJpZCI6IjkyMCIsInRvZ2dsZSI6ZmFsc2V9\">\n\t\t\t\t\t\t<span class=\"elementor-button-content-wrapper\">\n\t\t\t\t\t\t<span class=\"elementor-button-icon\">\n\t\t\t\t<i aria-hidden=\"true\" class=\"hm hm-popup\"><\/i>\t\t\t<\/span>\n\t\t\t\t\t\t\t\t\t<span class=\"elementor-button-text\">Avaa demo ponnahdusikkunaan<\/span>\n\t\t\t\t\t<\/span>\n\t\t\t\t\t<\/a>\n\t\t\t\t<\/div>\n\t\t\t\t\t\t\t\t<\/div>\n\t\t\t\t<\/div>\n\t\t\t\t\t<\/div>\n\t\t<\/div>\n\t\t\t\t<div class=\"elementor-column elementor-col-50 elementor-inner-column elementor-element elementor-element-a5c3ff3\" data-id=\"a5c3ff3\" data-element_type=\"column\" data-e-type=\"column\">\n\t\t\t<div class=\"elementor-widget-wrap elementor-element-populated\">\n\t\t\t\t\t\t<div class=\"elementor-element elementor-element-153cf13 elementor-widget elementor-widget-text-editor\" data-id=\"153cf13\" data-element_type=\"widget\" data-e-type=\"widget\" data-widget_type=\"text-editor.default\">\n\t\t\t\t<div class=\"elementor-widget-container\">\n\t\t\t\t\t\t\t\t\t<p>(Demo sovellus voidaan sitten sulkea klikkaamalla yl\u00e4oikealla olevaa rastia<br \/>tai ESC-n\u00e4pp\u00e4imell\u00e4 tai klikkaamalla jossain ponnahdusikkunan ulkopuolella)<\/p>\t\t\t\t\t\t\t\t<\/div>\n\t\t\t\t<\/div>\n\t\t\t\t\t<\/div>\n\t\t<\/div>\n\t\t\t\t\t<\/div>\n\t\t<\/section>\n\t\t\t\t\t<\/div>\n\t\t<\/div>\n\t\t\t\t\t<\/div>\n\t\t<\/section>\n\t\t\t\t<\/div>","protected":false},"excerpt":{"rendered":"<p>Specialkameror \u00e4r t.ex. IR-kameror, fasta i samband med \u00f6vervakning och \u00e4ven handh\u00e5llna modeller. Andra som kan n\u00e4mnas \u00e4r miniatyrkameror i HD med Wi-Fi, kamouflerade \u00f6vervakningskameror t.ex. inbyggda i v\u00e4ggklockor eller vilka liknar r\u00f6kdetektorer, PTZ kameror, Fisheye kameror, v\u00e4rmekameror osv. I och med att \u00f6vervakningstekniken baseras p\u00e5 IP kan man med f\u00f6rdel koppla olika IP-till\u00e4ggssensorer till [&hellip;]<\/p>\n","protected":false},"author":1,"featured_media":0,"parent":0,"menu_order":0,"comment_status":"closed","ping_status":"closed","template":"","meta":{"footnotes":""},"class_list":["post-829","page","type-page","status-publish","hentry"],"_links":{"self":[{"href":"https:\/\/camtech.fi\/fi\/wp-json\/wp\/v2\/pages\/829","targetHints":{"allow":["GET"]}}],"collection":[{"href":"https:\/\/camtech.fi\/fi\/wp-json\/wp\/v2\/pages"}],"about":[{"href":"https:\/\/camtech.fi\/fi\/wp-json\/wp\/v2\/types\/page"}],"author":[{"embeddable":true,"href":"https:\/\/camtech.fi\/fi\/wp-json\/wp\/v2\/users\/1"}],"replies":[{"embeddable":true,"href":"https:\/\/camtech.fi\/fi\/wp-json\/wp\/v2\/comments?post=829"}],"version-history":[{"count":0,"href":"https:\/\/camtech.fi\/fi\/wp-json\/wp\/v2\/pages\/829\/revisions"}],"wp:attachment":[{"href":"https:\/\/camtech.fi\/fi\/wp-json\/wp\/v2\/media?parent=829"}],"curies":[{"name":"wp","href":"https:\/\/api.w.org\/{rel}","templated":true}]}}