{"id":910,"date":"2020-04-09T10:58:51","date_gmt":"2020-04-09T08:58:51","guid":{"rendered":"https:\/\/camtech.fi\/?page_id=910"},"modified":"2020-05-01T12:27:27","modified_gmt":"2020-05-01T09:27:27","slug":"installationer-mjukvara-och-stugtjanster","status":"publish","type":"page","link":"https:\/\/camtech.fi\/fi\/installationer-mjukvara-och-stugtjanster\/","title":{"rendered":"Asennukset, ohjelmistot ja m\u00f6kkipalvelut"},"content":{"rendered":"<div data-elementor-type=\"wp-page\" data-elementor-id=\"910\" class=\"elementor elementor-910\" data-elementor-settings=\"{&quot;ha_cmc_init_switcher&quot;:&quot;no&quot;}\" data-elementor-post-type=\"page\">\n\t\t\t\t\t\t<section class=\"elementor-section elementor-top-section elementor-element elementor-element-faa4dcb elementor-section-boxed elementor-section-height-default elementor-section-height-default\" data-id=\"faa4dcb\" data-element_type=\"section\" data-e-type=\"section\" data-settings=\"{&quot;_ha_eqh_enable&quot;:false}\">\n\t\t\t\t\t\t<div class=\"elementor-container elementor-column-gap-default\">\n\t\t\t\t\t<div class=\"elementor-column elementor-col-100 elementor-top-column elementor-element elementor-element-25c443c\" data-id=\"25c443c\" data-element_type=\"column\" data-e-type=\"column\">\n\t\t\t<div class=\"elementor-widget-wrap elementor-element-populated\">\n\t\t\t\t\t\t<div class=\"elementor-element elementor-element-cc506e2 elementor-widget elementor-widget-heading\" data-id=\"cc506e2\" data-element_type=\"widget\" data-e-type=\"widget\" data-widget_type=\"heading.default\">\n\t\t\t\t<div class=\"elementor-widget-container\">\n\t\t\t\t\t<h2 class=\"elementor-heading-title elementor-size-default\">Asennukset, ohjelmistot ja m\u00f6kkipalvelut<\/h2>\t\t\t\t<\/div>\n\t\t\t\t<\/div>\n\t\t\t\t\t<\/div>\n\t\t<\/div>\n\t\t\t\t\t<\/div>\n\t\t<\/section>\n\t\t\t\t<section class=\"elementor-section elementor-top-section elementor-element elementor-element-8c17b47 elementor-section-boxed elementor-section-height-default elementor-section-height-default elementor-invisible\" data-id=\"8c17b47\" data-element_type=\"section\" data-e-type=\"section\" data-settings=\"{&quot;animation&quot;:&quot;fadeIn&quot;,&quot;_ha_eqh_enable&quot;:false}\">\n\t\t\t\t\t\t<div class=\"elementor-container elementor-column-gap-default\">\n\t\t\t\t\t<div class=\"elementor-column elementor-col-50 elementor-top-column elementor-element elementor-element-ebea9c3\" data-id=\"ebea9c3\" data-element_type=\"column\" data-e-type=\"column\">\n\t\t\t<div class=\"elementor-widget-wrap elementor-element-populated\">\n\t\t\t\t\t\t<div class=\"elementor-element elementor-element-104568c elementor-widget elementor-widget-text-editor\" data-id=\"104568c\" data-element_type=\"widget\" data-e-type=\"widget\" data-widget_type=\"text-editor.default\">\n\t\t\t\t<div class=\"elementor-widget-container\">\n\t\t\t\t\t\t\t\t\t<p><strong>Asennukset<\/strong> valvontalaitteita, antureita ja my\u00f6s erilaisia 4G- ja muita antenneja toteutetaan L\u00e4nsi-Uudenmaan - Turunmaan alueella, my\u00f6s saaristossa. Tavoitteena on lopulta laajentaa aluetta yhteisty\u00f6 kumppaneiden kautta.<\/p><ul><li>Toimitus avain k\u00e4teen -periaatteella tai esimerkiksi asiakas voi halutessaan itse vet\u00e4\u00e4 ethernet kaapelit etuk\u00e4teen.<\/li><li>Tarvittaessa my\u00f6s koko k\u00e4yt\u00f6n koulutus kun kaikki on asennettu ja k\u00e4ytt\u00f6valmista.<\/li><li><p>Mahd. lis\u00e4palvelut, kuten kiinteist\u00f6n s\u00e4\u00e4nn\u00f6llinen tarkastus, m\u00f6kkipalvelut jne. sovitaan haluttaessa.<\/p><\/li><\/ul>\t\t\t\t\t\t\t\t<\/div>\n\t\t\t\t<\/div>\n\t\t\t\t\t<\/div>\n\t\t<\/div>\n\t\t\t\t<div class=\"elementor-column elementor-col-50 elementor-top-column elementor-element elementor-element-430a5d6\" data-id=\"430a5d6\" data-element_type=\"column\" data-e-type=\"column\">\n\t\t\t<div class=\"elementor-widget-wrap elementor-element-populated\">\n\t\t\t\t\t\t<div class=\"elementor-element elementor-element-450d10e elementor-widget elementor-widget-image\" data-id=\"450d10e\" data-element_type=\"widget\" data-e-type=\"widget\" data-widget_type=\"image.default\">\n\t\t\t\t<div class=\"elementor-widget-container\">\n\t\t\t\t\t\t\t\t\t\t\t\t\t\t\t\t<a href=\"https:\/\/camtech.fi\/wp-content\/uploads\/2020\/04\/kamerainstallation.jpg\" data-elementor-open-lightbox=\"yes\" data-elementor-lightbox-title=\"Kamerainstallation\" data-e-action-hash=\"#elementor-action%3Aaction%3Dlightbox%26settings%3DeyJpZCI6MTE1MSwidXJsIjoiaHR0cHM6XC9cL2NhbXRlY2guZmlcL3dwLWNvbnRlbnRcL3VwbG9hZHNcLzIwMjBcLzA0XC9rYW1lcmFpbnN0YWxsYXRpb24uanBnIn0%3D\">\n\t\t\t\t\t\t\t<img decoding=\"async\" src=\"https:\/\/camtech.fi\/wp-content\/uploads\/elementor\/thumbs\/kamerainstallation-r0pubsq0e6q4g5eugcfmfcooobkqr9eq6softmwx5c.jpg\" title=\"Kamerainstallation\" alt=\"Kamerainstallation\" loading=\"lazy\" \/>\t\t\t\t\t\t\t\t<\/a>\n\t\t\t\t\t\t\t\t\t\t\t\t\t\t\t<\/div>\n\t\t\t\t<\/div>\n\t\t\t\t\t<\/div>\n\t\t<\/div>\n\t\t\t\t\t<\/div>\n\t\t<\/section>\n\t\t\t\t<section class=\"elementor-section elementor-top-section elementor-element elementor-element-565fe0d elementor-section-boxed elementor-section-height-default elementor-section-height-default\" data-id=\"565fe0d\" data-element_type=\"section\" data-e-type=\"section\" data-settings=\"{&quot;_ha_eqh_enable&quot;:false}\">\n\t\t\t\t\t\t<div class=\"elementor-container elementor-column-gap-default\">\n\t\t\t\t\t<div class=\"elementor-column elementor-col-100 elementor-top-column elementor-element elementor-element-db41e2b\" data-id=\"db41e2b\" data-element_type=\"column\" data-e-type=\"column\">\n\t\t\t<div class=\"elementor-widget-wrap elementor-element-populated\">\n\t\t\t\t\t\t<div class=\"elementor-element elementor-element-982dd3f elementor-widget elementor-widget-text-editor\" data-id=\"982dd3f\" data-element_type=\"widget\" data-e-type=\"widget\" data-widget_type=\"text-editor.default\">\n\t\t\t\t<div class=\"elementor-widget-container\">\n\t\t\t\t\t\t\t\t\t<p><strong>Ohjelmistot<\/strong> paikallisesti asennettujen ohjelmistojen muodossa jotka toimivat yleisimmiss\u00e4 selaimissa (IE, Chrome ja Firefox) ja niihin liittyv\u00e4t tai r\u00e4\u00e4t\u00e4l\u00f6dyt puhtaat php - MySql-verkkosovellukset. Yhteys uuteen (tai olemassa olevaan) intranettiin. Katso lis\u00e4\u00e4:\u00a0<a style=\"background-color: #ffffff; font-size: 1rem;\" href=\"https:\/\/comtech.fi\/\" target=\"_blank\" rel=\"noopener\">https:\/\/comtech.fi\/<\/a><\/p>\t\t\t\t\t\t\t\t<\/div>\n\t\t\t\t<\/div>\n\t\t\t\t<div class=\"elementor-element elementor-element-1dbd050 elementor-widget elementor-widget-text-editor\" data-id=\"1dbd050\" data-element_type=\"widget\" data-e-type=\"widget\" data-widget_type=\"text-editor.default\">\n\t\t\t\t<div class=\"elementor-widget-container\">\n\t\t\t\t\t\t\t\t\t<p><strong>M\u00f6kkipalvelut<\/strong>\u00a0tarjotaan L\u00e4nsi-Uudenmaan - Turunmaan alueella. Asennetun valvontasysteemin yhteydess\u00e4 m\u00f6kkipalvelut voidaan j\u00e4rjest\u00e4\u00e4 my\u00f6s lis\u00e4palveluna.<\/p>\t\t\t\t\t\t\t\t<\/div>\n\t\t\t\t<\/div>\n\t\t\t\t<div class=\"elementor-element elementor-element-cdb89c3 elementor-widget elementor-widget-text-editor\" data-id=\"cdb89c3\" data-element_type=\"widget\" data-e-type=\"widget\" data-widget_type=\"text-editor.default\">\n\t\t\t\t<div class=\"elementor-widget-container\">\n\t\t\t\t\t\t\t\t\t<p>Lis\u00e4tietoja, kuten aina,\u00a0<a style=\"background-color: #ffffff;\" href=\"https:\/\/camtech.fi\/fi\/kontakt\/\">ottamalla yhteytt\u00e4<\/a><\/p>\t\t\t\t\t\t\t\t<\/div>\n\t\t\t\t<\/div>\n\t\t\t\t\t<\/div>\n\t\t<\/div>\n\t\t\t\t\t<\/div>\n\t\t<\/section>\n\t\t\t\t<section class=\"elementor-section elementor-top-section elementor-element elementor-element-e789185 elementor-section-boxed elementor-section-height-default elementor-section-height-default elementor-invisible\" data-id=\"e789185\" data-element_type=\"section\" data-e-type=\"section\" data-settings=\"{&quot;background_background&quot;:&quot;classic&quot;,&quot;animation&quot;:&quot;fadeIn&quot;,&quot;_ha_eqh_enable&quot;:false}\">\n\t\t\t\t\t\t\t<div class=\"elementor-background-overlay\"><\/div>\n\t\t\t\t\t\t\t<div class=\"elementor-container elementor-column-gap-default\">\n\t\t\t\t\t<div class=\"elementor-column elementor-col-33 elementor-top-column elementor-element elementor-element-1d0452c\" data-id=\"1d0452c\" data-element_type=\"column\" data-e-type=\"column\">\n\t\t\t<div class=\"elementor-widget-wrap elementor-element-populated\">\n\t\t\t\t\t\t<div class=\"elementor-element elementor-element-ee1a6e1 elementor-widget elementor-widget-text-editor\" data-id=\"ee1a6e1\" data-element_type=\"widget\" data-e-type=\"widget\" data-widget_type=\"text-editor.default\">\n\t\t\t\t<div class=\"elementor-widget-container\">\n\t\t\t\t\t\t\t\t\t<h5>Asennukset?<\/h5><ul><li>Valvontakamerat seiniss\u00e4 ja katoissa, sis\u00e4tiloissa, ulkona, varastotiloissa, el\u00e4intiloilla, talleissa, kodeissa, pihoilla ja kes\u00e4m\u00f6keiss\u00e4..<\/li><li>Antennit, kuten suunnatut 4G LTE MIMO -antennit, Wlan ohjatut l\u00e4hettimet\/ vastaanottimet lyhyit\u00e4 ja pitki\u00e4 matkoja (jopa 50 km!), TV-antennit, GSM-signaalin vastaanotto sis\u00e4tiloissa jne.<\/li><li>\u00a0T\u00e4ydelliset valvontaj\u00e4rjestelm\u00e4t, jotka tallentavat paikallisesti, pilveen ja hallitaan Internetin kautta. H\u00e4lytykset puhelimeen, s\u00e4hk\u00f6postiin jne.<\/li><\/ul>\t\t\t\t\t\t\t\t<\/div>\n\t\t\t\t<\/div>\n\t\t\t\t\t<\/div>\n\t\t<\/div>\n\t\t\t\t<div class=\"elementor-column elementor-col-33 elementor-top-column elementor-element elementor-element-7fa6211\" data-id=\"7fa6211\" data-element_type=\"column\" data-e-type=\"column\">\n\t\t\t<div class=\"elementor-widget-wrap elementor-element-populated\">\n\t\t\t\t\t\t<div class=\"elementor-element elementor-element-8749c95 elementor-widget elementor-widget-text-editor\" data-id=\"8749c95\" data-element_type=\"widget\" data-e-type=\"widget\" data-widget_type=\"text-editor.default\">\n\t\t\t\t<div class=\"elementor-widget-container\">\n\t\t\t\t\t\t\t\t\t<h5>Ohjelmistot?<\/h5>\n<ul>\n<li>Toimitukseen kuuluvat monipuoliset ja k\u00e4ytt\u00e4j\u00e4yst\u00e4v\u00e4lliset ohjelmistot kaikkien valvontakameroiden ohjaamiseen NVR: n kautta ja my\u00f6s suoraan. Erillisen VMS-ohjelman (Video Monitoring System) (Windows ja Mac) kautta, eri selainten kautta tai erillisen puhelinsovelluksen (Android ja iOS) kautta.<\/li>\n<li>R\u00e4\u00e4t\u00e4l\u00f6idyt nettiapplikaatiot, uuteen tai olemassa olevaan intranettiin. (katso demo alempana)<\/li>\n<li>Live stream esim. omille kotisivuille.<\/li>\n<\/ul>\t\t\t\t\t\t\t\t<\/div>\n\t\t\t\t<\/div>\n\t\t\t\t\t<\/div>\n\t\t<\/div>\n\t\t\t\t<div class=\"elementor-column elementor-col-33 elementor-top-column elementor-element elementor-element-8da1ce3\" data-id=\"8da1ce3\" data-element_type=\"column\" data-e-type=\"column\">\n\t\t\t<div class=\"elementor-widget-wrap elementor-element-populated\">\n\t\t\t\t\t\t<div class=\"elementor-element elementor-element-7929d3f elementor-widget elementor-widget-text-editor\" data-id=\"7929d3f\" data-element_type=\"widget\" data-e-type=\"widget\" data-widget_type=\"text-editor.default\">\n\t\t\t\t<div class=\"elementor-widget-container\">\n\t\t\t\t\t\t\t\t\t<h5>M\u00f6kkipalvelut?<\/h5><ul><li>\u00a0Kes\u00e4m\u00f6kkien valvonnan yhteydess\u00e4 m\u00f6kkipalvelut voidaan j\u00e4rjest\u00e4\u00e4 my\u00f6s lis\u00e4palveluna. Esimerkiksi, s\u00e4\u00e4nn\u00f6lliset tarkastukset talvella, m\u00f6kkihuollot, puiden kaadot polttopuiksi jne.<\/li><li>Tarkastusk\u00e4ynnit h\u00e4lytyksen sattuessa.<\/li><li>Jne.<\/li><\/ul>\t\t\t\t\t\t\t\t<\/div>\n\t\t\t\t<\/div>\n\t\t\t\t\t<\/div>\n\t\t<\/div>\n\t\t\t\t\t<\/div>\n\t\t<\/section>\n\t\t\t\t<section class=\"elementor-section elementor-top-section elementor-element elementor-element-d9aeec8 elementor-section-boxed elementor-section-height-default elementor-section-height-default elementor-invisible\" data-id=\"d9aeec8\" data-element_type=\"section\" data-e-type=\"section\" data-settings=\"{&quot;animation&quot;:&quot;fadeIn&quot;,&quot;_ha_eqh_enable&quot;:false}\">\n\t\t\t\t\t\t<div class=\"elementor-container elementor-column-gap-default\">\n\t\t\t\t\t<div class=\"elementor-column elementor-col-100 elementor-top-column elementor-element elementor-element-f9e0fd7\" data-id=\"f9e0fd7\" data-element_type=\"column\" data-e-type=\"column\">\n\t\t\t<div class=\"elementor-widget-wrap elementor-element-populated\">\n\t\t\t\t\t\t<div class=\"elementor-element elementor-element-d566d5e elementor-widget elementor-widget-heading\" data-id=\"d566d5e\" data-element_type=\"widget\" data-e-type=\"widget\" data-widget_type=\"heading.default\">\n\t\t\t\t<div class=\"elementor-widget-container\">\n\t\t\t\t\t<h4 class=\"elementor-heading-title elementor-size-default\">Live demo l\u00e4mp\u00f6 - kosteus (ethernet) datasta<\/h4>\t\t\t\t<\/div>\n\t\t\t\t<\/div>\n\t\t\t\t<div class=\"elementor-element elementor-element-03a4125 elementor-widget elementor-widget-text-editor\" data-id=\"03a4125\" data-element_type=\"widget\" data-e-type=\"widget\" data-widget_type=\"text-editor.default\">\n\t\t\t\t<div class=\"elementor-widget-container\">\n\t\t\t\t\t\t\t\t\t<p>T\u00e4m\u00e4 demosovellus joka esitt\u00e4\u00e4 mitattuja l\u00e4mmitys - kosteus -arvoja V\u00e4stanfj\u00e4rdist\u00e4 l\u00e4hetet\u00e4\u00e4n joka toinen sekunti MySQL-palvelintietokantaan. Tietokannan arvot esitet\u00e4\u00e4n sitten graafisesti php-koodilla mm. graafeina. Ne voidaan my\u00f6s esitell\u00e4 erityisess\u00e4 puhelinsovelluksessa tai Windowsin ty\u00f6p\u00f6yt\u00e4 widgetiss\u00e4 tai k\u00e4ytt\u00e4\u00e4 melkeinp\u00e4 miten vain yhdess\u00e4 muiden ker\u00e4ttyjen tietojen kanssa.<\/p><p>Esimerkin tiedot mitataan ja l\u00e4hetet\u00e4\u00e4n Papouch TH2E: n kautta\u00a0<span style=\"font-size: 1rem;\">TCP\/XML.<\/span><span style=\"font-size: 1rem;\">\u00a0Demosovelluksen data p\u00e4ivitet\u00e4\u00e4n AJAX:illa kerran minuutissa.<\/span><\/p><p><span style=\"font-size: 1rem;\">Useimmat signaali tiedot voidaan esitell\u00e4 vastaavalla tavalla.<\/span><\/p>\t\t\t\t\t\t\t\t<\/div>\n\t\t\t\t<\/div>\n\t\t\t\t<section class=\"elementor-section elementor-inner-section elementor-element elementor-element-73a9234 elementor-section-boxed elementor-section-height-default elementor-section-height-default\" data-id=\"73a9234\" data-element_type=\"section\" data-e-type=\"section\" data-settings=\"{&quot;_ha_eqh_enable&quot;:false}\">\n\t\t\t\t\t\t<div class=\"elementor-container elementor-column-gap-no\">\n\t\t\t\t\t<div class=\"elementor-column elementor-col-50 elementor-inner-column elementor-element elementor-element-8dd98df\" data-id=\"8dd98df\" data-element_type=\"column\" data-e-type=\"column\">\n\t\t\t<div class=\"elementor-widget-wrap elementor-element-populated\">\n\t\t\t\t\t\t<div class=\"elementor-element elementor-element-0dfa81e elementor-widget elementor-widget-button\" data-id=\"0dfa81e\" data-element_type=\"widget\" data-e-type=\"widget\" data-widget_type=\"button.default\">\n\t\t\t\t<div class=\"elementor-widget-container\">\n\t\t\t\t\t\t\t\t\t<div class=\"elementor-button-wrapper\">\n\t\t\t\t\t<a class=\"elementor-button elementor-button-link elementor-size-sm\" href=\"#elementor-action%3Aaction%3Dpopup%3Aopen%26settings%3DeyJpZCI6IjkyMCIsInRvZ2dsZSI6ZmFsc2V9\">\n\t\t\t\t\t\t<span class=\"elementor-button-content-wrapper\">\n\t\t\t\t\t\t<span class=\"elementor-button-icon\">\n\t\t\t\t<i aria-hidden=\"true\" class=\"hm hm-popup\"><\/i>\t\t\t<\/span>\n\t\t\t\t\t\t\t\t\t<span class=\"elementor-button-text\">Avaa demo ponnahdusikkunaan<\/span>\n\t\t\t\t\t<\/span>\n\t\t\t\t\t<\/a>\n\t\t\t\t<\/div>\n\t\t\t\t\t\t\t\t<\/div>\n\t\t\t\t<\/div>\n\t\t\t\t\t<\/div>\n\t\t<\/div>\n\t\t\t\t<div class=\"elementor-column elementor-col-50 elementor-inner-column elementor-element elementor-element-09d10b1\" data-id=\"09d10b1\" data-element_type=\"column\" data-e-type=\"column\">\n\t\t\t<div class=\"elementor-widget-wrap elementor-element-populated\">\n\t\t\t\t\t\t<div class=\"elementor-element elementor-element-04cc860 elementor-widget elementor-widget-text-editor\" data-id=\"04cc860\" data-element_type=\"widget\" data-e-type=\"widget\" data-widget_type=\"text-editor.default\">\n\t\t\t\t<div class=\"elementor-widget-container\">\n\t\t\t\t\t\t\t\t\t<p>(Demo sovellus voidaan sitten sulkea klikkaamalla yl\u00e4oikealla olevaa rastia<br \/>tai ESC-n\u00e4pp\u00e4imell\u00e4 tai klikkaamalla jossain ponnahdusikkunan ulkopuolella)<\/p>\t\t\t\t\t\t\t\t<\/div>\n\t\t\t\t<\/div>\n\t\t\t\t\t<\/div>\n\t\t<\/div>\n\t\t\t\t\t<\/div>\n\t\t<\/section>\n\t\t\t\t\t<\/div>\n\t\t<\/div>\n\t\t\t\t\t<\/div>\n\t\t<\/section>\n\t\t\t\t<\/div>","protected":false},"excerpt":{"rendered":"<p>Installationer av \u00f6vervakningsutrustning, sensorer och \u00e4ven olika 4G- och andra antenner utf\u00f6rs p\u00e5 omr\u00e5det V\u00e4stra Nyland &#8211; \u00c5boland, -\u00e4ven i sk\u00e4rg\u00e5rden. Str\u00e4van \u00e4r att sm\u00e5ningom ut\u00f6ka omr\u00e5det via samarbetsparter. Leverans enl. nyckel i hand -princip eller s\u00e5 kan t.ex. ethernet kablar dras sj\u00e4lv i f\u00f6rv\u00e4g av kunden. Vid behov \u00e4ven inskolning i anv\u00e4ndning av helheten [&hellip;]<\/p>\n","protected":false},"author":1,"featured_media":0,"parent":0,"menu_order":0,"comment_status":"closed","ping_status":"closed","template":"","meta":{"footnotes":""},"class_list":["post-910","page","type-page","status-publish","hentry"],"_links":{"self":[{"href":"https:\/\/camtech.fi\/fi\/wp-json\/wp\/v2\/pages\/910","targetHints":{"allow":["GET"]}}],"collection":[{"href":"https:\/\/camtech.fi\/fi\/wp-json\/wp\/v2\/pages"}],"about":[{"href":"https:\/\/camtech.fi\/fi\/wp-json\/wp\/v2\/types\/page"}],"author":[{"embeddable":true,"href":"https:\/\/camtech.fi\/fi\/wp-json\/wp\/v2\/users\/1"}],"replies":[{"embeddable":true,"href":"https:\/\/camtech.fi\/fi\/wp-json\/wp\/v2\/comments?post=910"}],"version-history":[{"count":0,"href":"https:\/\/camtech.fi\/fi\/wp-json\/wp\/v2\/pages\/910\/revisions"}],"wp:attachment":[{"href":"https:\/\/camtech.fi\/fi\/wp-json\/wp\/v2\/media?parent=910"}],"curies":[{"name":"wp","href":"https:\/\/api.w.org\/{rel}","templated":true}]}}